{"id":1051,"date":"2025-02-12T14:35:22","date_gmt":"2025-02-12T14:35:22","guid":{"rendered":"https:\/\/bukovoda.hu\/?page_id=1051"},"modified":"2025-03-18T10:51:34","modified_gmt":"2025-03-18T10:51:34","slug":"i-szervezeti-szemelyzeti-adatok","status":"publish","type":"page","link":"https:\/\/bukovoda.hu\/?page_id=1051","title":{"rendered":"Szervezeti, szem\u00e9lyzeti adatok"},"content":{"rendered":"\n<h2 class=\"wp-block-heading\" style=\"font-size:30px\">El\u00e9rhet\u0151s\u00e9gi adatok<\/h2>\n\n\n\n<h2 class=\"wp-block-heading\" style=\"font-size:26px\">1. Kapcsolat, szervezet, vezet\u0151k<\/h2>\n\n\n\n<figure class=\"wp-block-table is-style-stripes table-new-style\"><table class=\"has-black-color has-text-color has-link-color has-fixed-layout\"><tbody><tr><td>Hivatalos n\u00e9v<\/td><td class=\"has-text-align-left\" data-align=\"left\">Csodaorsz\u00e1g \u00d3voda, B\u00f6lcs\u0151de \u00e9s K\u00f6z\u00e9tkeztet\u00e9st Ell\u00e1t\u00f3 Int\u00e9zm\u00e9ny<\/td><\/tr><tr><td>Sz\u00e9khely<\/td><td class=\"has-text-align-left\" data-align=\"left\">9737 B\u00fck, Sz\u00e9chenyi u. 23.<\/td><\/tr><tr><td>Postac\u00edm<\/td><td class=\"has-text-align-left\" data-align=\"left\">9737 B\u00fck, Sz\u00e9chenyi u. 23.<\/td><\/tr><tr><td>Ad\u00f3sz\u00e1m<\/td><td class=\"has-text-align-left\" data-align=\"left\">16864498-2-18<\/td><\/tr><tr><td>OM azonos\u00edt\u00f3<\/td><td class=\"has-text-align-left\" data-align=\"left\">036511<\/td><\/tr><tr><td>Telefonsz\u00e1m<\/td><td class=\"has-text-align-left\" data-align=\"left\">94\/558-456<\/td><\/tr><tr><td>Faxsz\u00e1m<\/td><td class=\"has-text-align-left\" data-align=\"left\">&#8211;<\/td><\/tr><tr><td>K\u00f6zponti elektronikus lev\u00e9lc\u00edm<\/td><td class=\"has-text-align-left\" data-align=\"left\">csodaorszagovoda@gmail.com<\/td><\/tr><tr><td>Honlap URL -je<\/td><td class=\"has-text-align-left\" data-align=\"left\">www.bukovoda.hu<\/td><\/tr><tr><td>\u00dcgyf\u00e9lszolg\u00e1lat vagy k\u00f6z\u00f6ns\u00e9gkapcsolat el\u00e9rhet\u0151s\u00e9ge<\/td><td class=\"has-text-align-left\" data-align=\"left\">&#8211;<\/td><\/tr><tr><td>Az \u00fcgyf\u00e9lszolg\u00e1lati vagy k\u00f6z\u00f6ns\u00e9gkapcsolati vezet\u0151 neve<\/td><td class=\"has-text-align-left\" data-align=\"left\">&#8211;<\/td><\/tr><tr><td>Az \u00fcgyf\u00e9lfogad\u00e1s rendje<\/td><td class=\"has-text-align-left\" data-align=\"left\">H-Cs: 8.00-16.00; P: 8.00-13:30; Sz-V: z\u00e1rva<\/td><\/tr><\/tbody><\/table><\/figure>\n\n\n\n<h3 class=\"wp-block-heading\" style=\"font-size:20px\">Szervezeti strukt\u00fara<\/h3>\n\n\n\n<p class=\"link-blue-color has-black-color has-text-color has-link-color wp-elements-92035e7923ed25f93bd3d1b780019ba8\">A szervezeti strukt\u00fara <a href=\"https:\/\/bukovoda.hu\/?wpdmpro=szervezeti-es-mukodesi-szabalyzat&amp;wpdmdl=838&amp;refresh=67d93cda80e031742290138\" target=\"_blank\" rel=\"noreferrer noopener\">IDE<\/a> kattintva, az SZMSZ -ben tal\u00e1lhat\u00f3 meg. (19. oldal)<\/p>\n\n\n\n<h3 class=\"wp-block-heading\" style=\"font-size:20px\">Szerv vezet\u0151i<\/h3>\n\n\n\n<figure class=\"wp-block-table is-style-stripes table-new-style\"><table class=\"has-black-color has-text-color has-link-color has-fixed-layout\"><tbody><tr><td>A szerv vezet\u0151j\u00e9nek el\u00e9rhet\u0151s\u00e9ge (telefon, telefax, postac\u00edm, elektronikus lev\u00e9lc\u00edm)<\/td><td>T\u00f3th Vikt\u00f3ria M\u00e1ria &#8211; f\u0151igazgat\u00f3<br>94\/558-456; <a href=\"mailto:csodaorszagovoda@gmail.com\"><mark style=\"background-color:rgba(0, 0, 0, 0)\" class=\"has-inline-color has-green-color\">csodaorszagovoda@gmail.com<\/mark><\/a><\/td><\/tr><tr><td>A szervezeti egys\u00e9gek vezet\u0151inek neve, beoszt\u00e1sa, el\u00e9rhet\u0151s\u00e9ge (telefon, telefax, postac\u00edm, elektronikus lev\u00e9lc\u00edm)<\/td><td>Nagy L\u00e1szl\u00f3n\u00e9 &#8211; \u00e9lelemz\u00e9svezet\u0151<br>94\/558- 619; <a href=\"mailto:elelmezes@csodaorszag.axelero.net\"><mark style=\"background-color:rgba(0, 0, 0, 0)\" class=\"has-inline-color has-green-color\">elelmezes@csodaorszag.axelero.net<\/mark><\/a><\/td><\/tr><\/tbody><\/table><\/figure>\n\n\n\n<h2 class=\"wp-block-heading\" style=\"font-size:26px\">2. A fel\u00fcgyelt k\u00f6lts\u00e9gvet\u00e9si szervek<\/h2>\n\n\n\n<h3 class=\"wp-block-heading\" style=\"font-size:20px\">A szerv ir\u00e1ny\u00edt\u00e1sa, fel\u00fcgyelete vagy ellen\u0151rz\u00e9se alatt \u00e1ll\u00f3, vagy al\u00e1rendelts\u00e9g\u00e9ben m\u0171k\u00f6d\u0151 m\u00e1s k\u00f6zfeladatot ell\u00e1t\u00f3 szerv<\/h3>\n\n\n\n<p>Nem relev\u00e1ns.<\/p>\n\n\n\n<h2 class=\"wp-block-heading\" style=\"font-size:26px\">3. Gazd\u00e1lkod\u00f3 szervezetek<\/h2>\n\n\n\n<h3 class=\"wp-block-heading\" style=\"font-size:20px\">A szerv tulajdon\u00e1ban \u00e1ll\u00f3 vagy r\u00e9szv\u00e9tel\u00e9vel m\u0171k\u00f6d\u0151 gazd\u00e1lkod\u00f3 szervezetek<\/h3>\n\n\n\n<p>Nem relev\u00e1ns.<\/p>\n\n\n\n<h2 class=\"wp-block-heading\" style=\"font-size:26px\">4. K\u00f6zalap\u00edtv\u00e1nyok<\/h2>\n\n\n\n<h3 class=\"wp-block-heading\" style=\"font-size:20px\">A szerv \u00e1ltal alap\u00edtott k\u00f6zalap\u00edtv\u00e1nyok<\/h3>\n\n\n\n<p>Nem relev\u00e1ns.<\/p>\n\n\n\n<h2 class=\"wp-block-heading\" style=\"font-size:26px\">5. Lapok<\/h2>\n\n\n\n<p>Nem relev\u00e1ns.<\/p>\n\n\n\n<h2 class=\"wp-block-heading\" style=\"font-size:26px\">6. Felettes, fel\u00fcgyeleti, t\u00f6rv\u00e9nyess\u00e9gi ellen\u0151rz\u00e9st vagy fel\u00fcgyeletet gyakorl\u00f3 szerv<\/h2>\n\n\n\n<figure class=\"wp-block-table is-style-stripes table-new-style link-blue-color\"><table class=\"has-black-color has-text-color has-link-color has-fixed-layout\"><tbody><tr><td>Hivatalos n\u00e9v<\/td><td class=\"has-text-align-left\" data-align=\"left\">B\u00fcki K\u00f6z\u00f6s \u00d6nkorm\u00e1nyzati Hivatal<\/td><\/tr><tr><td>Sz\u00e9khely<\/td><td class=\"has-text-align-left\" data-align=\"left\">9737 B\u00fck, Sz\u00e9chenyi u. 44.<\/td><\/tr><tr><td>Telefonsz\u00e1m<\/td><td class=\"has-text-align-left\" data-align=\"left\">94\/558-040<\/td><\/tr><tr><td>K\u00f6zponti elektronikus lev\u00e9lc\u00edm<\/td><td class=\"has-text-align-left\" data-align=\"left\">buk@t-online.hu<\/td><\/tr><tr><td>Honlap URL -je<\/td><td class=\"has-text-align-left\" data-align=\"left\"><a href=\"http:\/\/www.buk.hu\">www.buk.hu<\/a><\/td><\/tr><\/tbody><\/table><\/figure>\n\n\n\n<h2 class=\"wp-block-heading\" style=\"font-size:26px\">7. K\u00f6lts\u00e9gvet\u00e9si szervek<\/h2>\n\n\n\n<p>Nem relev\u00e1ns.<\/p>\n\n\n\n<p><\/p>\n","protected":false},"excerpt":{"rendered":"<p>El\u00e9rhet\u0151s\u00e9gi adatok 1. Kapcsolat, szervezet, vezet\u0151k Hivatalos n\u00e9v Csodaorsz\u00e1g \u00d3voda, B\u00f6lcs\u0151de \u00e9s K\u00f6z\u00e9tkeztet\u00e9st Ell\u00e1t\u00f3 Int\u00e9zm\u00e9ny Sz\u00e9khely 9737 B\u00fck, Sz\u00e9chenyi u. 23. Postac\u00edm 9737 B\u00fck, Sz\u00e9chenyi u. 23. Ad\u00f3sz\u00e1m 16864498-2-18 OM azonos\u00edt\u00f3 036511 Telefonsz\u00e1m 94\/558-456 Faxsz\u00e1m &#8211; K\u00f6zponti elektronikus lev\u00e9lc\u00edm csodaorszagovoda@gmail.com [&hellip;]<\/p>\n","protected":false},"author":1,"featured_media":0,"parent":258,"menu_order":0,"comment_status":"closed","ping_status":"closed","template":"elementor_header_footer","meta":{"ngg_post_thumbnail":0,"footnotes":""},"class_list":["post-1051","page","type-page","status-publish","hentry"],"yoast_head":"<!-- This site is optimized with the Yoast SEO plugin v21.9.1 - https:\/\/yoast.com\/wordpress\/plugins\/seo\/ -->\n<title>Szervezeti, szem\u00e9lyzeti adatok - Csodaorsz\u00e1g \u00d3voda, B\u00f6lcs\u0151de \u00e9s K\u00f6z\u00e9tkeztet\u00e9st Ell\u00e1t\u00f3 Int\u00e9zm\u00e9ny<\/title>\n<meta name=\"robots\" content=\"index, follow, max-snippet:-1, max-image-preview:large, max-video-preview:-1\" \/>\n<link rel=\"canonical\" href=\"https:\/\/bukovoda.hu\/?page_id=1051\" \/>\n<meta property=\"og:locale\" content=\"hu_HU\" \/>\n<meta property=\"og:type\" content=\"article\" \/>\n<meta property=\"og:title\" content=\"Szervezeti, szem\u00e9lyzeti adatok - Csodaorsz\u00e1g \u00d3voda, B\u00f6lcs\u0151de \u00e9s K\u00f6z\u00e9tkeztet\u00e9st Ell\u00e1t\u00f3 Int\u00e9zm\u00e9ny\" \/>\n<meta property=\"og:description\" content=\"El\u00e9rhet\u0151s\u00e9gi adatok 1. Kapcsolat, szervezet, vezet\u0151k Hivatalos n\u00e9v Csodaorsz\u00e1g \u00d3voda, B\u00f6lcs\u0151de \u00e9s K\u00f6z\u00e9tkeztet\u00e9st Ell\u00e1t\u00f3 Int\u00e9zm\u00e9ny Sz\u00e9khely 9737 B\u00fck, Sz\u00e9chenyi u. 23. Postac\u00edm 9737 B\u00fck, Sz\u00e9chenyi u. 23. Ad\u00f3sz\u00e1m 16864498-2-18 OM azonos\u00edt\u00f3 036511 Telefonsz\u00e1m 94\/558-456 Faxsz\u00e1m &#8211; K\u00f6zponti elektronikus lev\u00e9lc\u00edm csodaorszagovoda@gmail.com [&hellip;]\" \/>\n<meta property=\"og:url\" content=\"https:\/\/bukovoda.hu\/?page_id=1051\" \/>\n<meta property=\"og:site_name\" content=\"Csodaorsz\u00e1g \u00d3voda, B\u00f6lcs\u0151de \u00e9s K\u00f6z\u00e9tkeztet\u00e9st Ell\u00e1t\u00f3 Int\u00e9zm\u00e9ny\" \/>\n<meta property=\"article:modified_time\" content=\"2025-03-18T10:51:34+00:00\" \/>\n<meta name=\"twitter:card\" content=\"summary_large_image\" \/>\n<meta name=\"twitter:label1\" content=\"Becs\u00fclt olvas\u00e1si id\u0151\" \/>\n\t<meta name=\"twitter:data1\" content=\"2 perc\" \/>\n<script type=\"application\/ld+json\" class=\"yoast-schema-graph\">{\"@context\":\"https:\/\/schema.org\",\"@graph\":[{\"@type\":\"WebPage\",\"@id\":\"https:\/\/bukovoda.hu\/?page_id=1051\",\"url\":\"https:\/\/bukovoda.hu\/?page_id=1051\",\"name\":\"Szervezeti, szem\u00e9lyzeti adatok - Csodaorsz\u00e1g \u00d3voda, B\u00f6lcs\u0151de \u00e9s K\u00f6z\u00e9tkeztet\u00e9st Ell\u00e1t\u00f3 Int\u00e9zm\u00e9ny\",\"isPartOf\":{\"@id\":\"https:\/\/bukovoda.hu\/#website\"},\"datePublished\":\"2025-02-12T14:35:22+00:00\",\"dateModified\":\"2025-03-18T10:51:34+00:00\",\"breadcrumb\":{\"@id\":\"https:\/\/bukovoda.hu\/?page_id=1051#breadcrumb\"},\"inLanguage\":\"hu\",\"potentialAction\":[{\"@type\":\"ReadAction\",\"target\":[\"https:\/\/bukovoda.hu\/?page_id=1051\"]}]},{\"@type\":\"BreadcrumbList\",\"@id\":\"https:\/\/bukovoda.hu\/?page_id=1051#breadcrumb\",\"itemListElement\":[{\"@type\":\"ListItem\",\"position\":1,\"name\":\"Kezd\u0151lap\",\"item\":\"https:\/\/bukovoda.hu\/\"},{\"@type\":\"ListItem\",\"position\":2,\"name\":\"K\u00f6z\u00e9rdek\u0171 adatok\",\"item\":\"https:\/\/bukovoda.hu\/?page_id=258\"},{\"@type\":\"ListItem\",\"position\":3,\"name\":\"Szervezeti, szem\u00e9lyzeti adatok\"}]},{\"@type\":\"WebSite\",\"@id\":\"https:\/\/bukovoda.hu\/#website\",\"url\":\"https:\/\/bukovoda.hu\/\",\"name\":\"Csodaorsz\u00e1g \u00d3voda, B\u00f6lcs\u0151de \u00e9s K\u00f6z\u00e9tkeztet\u00e9st Ell\u00e1t\u00f3 Int\u00e9zm\u00e9ny\",\"description\":\"\",\"publisher\":{\"@id\":\"https:\/\/bukovoda.hu\/#organization\"},\"potentialAction\":[{\"@type\":\"SearchAction\",\"target\":{\"@type\":\"EntryPoint\",\"urlTemplate\":\"https:\/\/bukovoda.hu\/?s={search_term_string}\"},\"query-input\":\"required name=search_term_string\"}],\"inLanguage\":\"hu\"},{\"@type\":\"Organization\",\"@id\":\"https:\/\/bukovoda.hu\/#organization\",\"name\":\"Csodaorsz\u00e1g \u00d3voda, B\u00f6lcs\u0151de \u00e9s K\u00f6z\u00e9tkeztet\u00e9st Ell\u00e1t\u00f3 Int\u00e9zm\u00e9ny\",\"url\":\"https:\/\/bukovoda.hu\/\",\"logo\":{\"@type\":\"ImageObject\",\"inLanguage\":\"hu\",\"@id\":\"https:\/\/bukovoda.hu\/#\/schema\/logo\/image\/\",\"url\":\"https:\/\/bukovoda.hu\/wp-content\/uploads\/2024\/02\/cropped-cropped-Csodaorszag_ovoda-Logo-4-Color.jpg\",\"contentUrl\":\"https:\/\/bukovoda.hu\/wp-content\/uploads\/2024\/02\/cropped-cropped-Csodaorszag_ovoda-Logo-4-Color.jpg\",\"width\":508,\"height\":239,\"caption\":\"Csodaorsz\u00e1g \u00d3voda, B\u00f6lcs\u0151de \u00e9s K\u00f6z\u00e9tkeztet\u00e9st Ell\u00e1t\u00f3 Int\u00e9zm\u00e9ny\"},\"image\":{\"@id\":\"https:\/\/bukovoda.hu\/#\/schema\/logo\/image\/\"}}]}<\/script>\n<!-- \/ Yoast SEO plugin. -->","yoast_head_json":{"title":"Szervezeti, szem\u00e9lyzeti adatok - Csodaorsz\u00e1g \u00d3voda, B\u00f6lcs\u0151de \u00e9s K\u00f6z\u00e9tkeztet\u00e9st Ell\u00e1t\u00f3 Int\u00e9zm\u00e9ny","robots":{"index":"index","follow":"follow","max-snippet":"max-snippet:-1","max-image-preview":"max-image-preview:large","max-video-preview":"max-video-preview:-1"},"canonical":"https:\/\/bukovoda.hu\/?page_id=1051","og_locale":"hu_HU","og_type":"article","og_title":"Szervezeti, szem\u00e9lyzeti adatok - Csodaorsz\u00e1g \u00d3voda, B\u00f6lcs\u0151de \u00e9s K\u00f6z\u00e9tkeztet\u00e9st Ell\u00e1t\u00f3 Int\u00e9zm\u00e9ny","og_description":"El\u00e9rhet\u0151s\u00e9gi adatok 1. Kapcsolat, szervezet, vezet\u0151k Hivatalos n\u00e9v Csodaorsz\u00e1g \u00d3voda, B\u00f6lcs\u0151de \u00e9s K\u00f6z\u00e9tkeztet\u00e9st Ell\u00e1t\u00f3 Int\u00e9zm\u00e9ny Sz\u00e9khely 9737 B\u00fck, Sz\u00e9chenyi u. 23. Postac\u00edm 9737 B\u00fck, Sz\u00e9chenyi u. 23. Ad\u00f3sz\u00e1m 16864498-2-18 OM azonos\u00edt\u00f3 036511 Telefonsz\u00e1m 94\/558-456 Faxsz\u00e1m &#8211; K\u00f6zponti elektronikus lev\u00e9lc\u00edm csodaorszagovoda@gmail.com [&hellip;]","og_url":"https:\/\/bukovoda.hu\/?page_id=1051","og_site_name":"Csodaorsz\u00e1g \u00d3voda, B\u00f6lcs\u0151de \u00e9s K\u00f6z\u00e9tkeztet\u00e9st Ell\u00e1t\u00f3 Int\u00e9zm\u00e9ny","article_modified_time":"2025-03-18T10:51:34+00:00","twitter_card":"summary_large_image","twitter_misc":{"Becs\u00fclt olvas\u00e1si id\u0151":"2 perc"},"schema":{"@context":"https:\/\/schema.org","@graph":[{"@type":"WebPage","@id":"https:\/\/bukovoda.hu\/?page_id=1051","url":"https:\/\/bukovoda.hu\/?page_id=1051","name":"Szervezeti, szem\u00e9lyzeti adatok - Csodaorsz\u00e1g \u00d3voda, B\u00f6lcs\u0151de \u00e9s K\u00f6z\u00e9tkeztet\u00e9st Ell\u00e1t\u00f3 Int\u00e9zm\u00e9ny","isPartOf":{"@id":"https:\/\/bukovoda.hu\/#website"},"datePublished":"2025-02-12T14:35:22+00:00","dateModified":"2025-03-18T10:51:34+00:00","breadcrumb":{"@id":"https:\/\/bukovoda.hu\/?page_id=1051#breadcrumb"},"inLanguage":"hu","potentialAction":[{"@type":"ReadAction","target":["https:\/\/bukovoda.hu\/?page_id=1051"]}]},{"@type":"BreadcrumbList","@id":"https:\/\/bukovoda.hu\/?page_id=1051#breadcrumb","itemListElement":[{"@type":"ListItem","position":1,"name":"Kezd\u0151lap","item":"https:\/\/bukovoda.hu\/"},{"@type":"ListItem","position":2,"name":"K\u00f6z\u00e9rdek\u0171 adatok","item":"https:\/\/bukovoda.hu\/?page_id=258"},{"@type":"ListItem","position":3,"name":"Szervezeti, szem\u00e9lyzeti adatok"}]},{"@type":"WebSite","@id":"https:\/\/bukovoda.hu\/#website","url":"https:\/\/bukovoda.hu\/","name":"Csodaorsz\u00e1g \u00d3voda, B\u00f6lcs\u0151de \u00e9s K\u00f6z\u00e9tkeztet\u00e9st Ell\u00e1t\u00f3 Int\u00e9zm\u00e9ny","description":"","publisher":{"@id":"https:\/\/bukovoda.hu\/#organization"},"potentialAction":[{"@type":"SearchAction","target":{"@type":"EntryPoint","urlTemplate":"https:\/\/bukovoda.hu\/?s={search_term_string}"},"query-input":"required name=search_term_string"}],"inLanguage":"hu"},{"@type":"Organization","@id":"https:\/\/bukovoda.hu\/#organization","name":"Csodaorsz\u00e1g \u00d3voda, B\u00f6lcs\u0151de \u00e9s K\u00f6z\u00e9tkeztet\u00e9st Ell\u00e1t\u00f3 Int\u00e9zm\u00e9ny","url":"https:\/\/bukovoda.hu\/","logo":{"@type":"ImageObject","inLanguage":"hu","@id":"https:\/\/bukovoda.hu\/#\/schema\/logo\/image\/","url":"https:\/\/bukovoda.hu\/wp-content\/uploads\/2024\/02\/cropped-cropped-Csodaorszag_ovoda-Logo-4-Color.jpg","contentUrl":"https:\/\/bukovoda.hu\/wp-content\/uploads\/2024\/02\/cropped-cropped-Csodaorszag_ovoda-Logo-4-Color.jpg","width":508,"height":239,"caption":"Csodaorsz\u00e1g \u00d3voda, B\u00f6lcs\u0151de \u00e9s K\u00f6z\u00e9tkeztet\u00e9st Ell\u00e1t\u00f3 Int\u00e9zm\u00e9ny"},"image":{"@id":"https:\/\/bukovoda.hu\/#\/schema\/logo\/image\/"}}]}},"blog_post_layout_featured_media_urls":{"thumbnail":"","full":""},"categories_names":null,"comments_number":"0","_links":{"self":[{"href":"https:\/\/bukovoda.hu\/index.php?rest_route=\/wp\/v2\/pages\/1051"}],"collection":[{"href":"https:\/\/bukovoda.hu\/index.php?rest_route=\/wp\/v2\/pages"}],"about":[{"href":"https:\/\/bukovoda.hu\/index.php?rest_route=\/wp\/v2\/types\/page"}],"author":[{"embeddable":true,"href":"https:\/\/bukovoda.hu\/index.php?rest_route=\/wp\/v2\/users\/1"}],"replies":[{"embeddable":true,"href":"https:\/\/bukovoda.hu\/index.php?rest_route=%2Fwp%2Fv2%2Fcomments&post=1051"}],"version-history":[{"count":33,"href":"https:\/\/bukovoda.hu\/index.php?rest_route=\/wp\/v2\/pages\/1051\/revisions"}],"predecessor-version":[{"id":1196,"href":"https:\/\/bukovoda.hu\/index.php?rest_route=\/wp\/v2\/pages\/1051\/revisions\/1196"}],"up":[{"embeddable":true,"href":"https:\/\/bukovoda.hu\/index.php?rest_route=\/wp\/v2\/pages\/258"}],"wp:attachment":[{"href":"https:\/\/bukovoda.hu\/index.php?rest_route=%2Fwp%2Fv2%2Fmedia&parent=1051"}],"curies":[{"name":"wp","href":"https:\/\/api.w.org\/{rel}","templated":true}]}}