{"id":1581,"date":"2025-08-29T07:40:47","date_gmt":"2025-08-29T07:40:47","guid":{"rendered":"https:\/\/bukovoda.hu\/?page_id=1581"},"modified":"2025-11-12T10:45:35","modified_gmt":"2025-11-12T10:45:35","slug":"dolgozoink","status":"publish","type":"page","link":"https:\/\/bukovoda.hu\/?page_id=1581","title":{"rendered":"Dolgoz\u00f3ink"},"content":{"rendered":"\n<p><\/p>\n\n\n\n<p class=\"has-text-align-left has-black-color has-text-color has-link-color\"><strong>F\u00fcl\u00f6p-Czethoffer D\u00f3ra &#8211; B\u00f6lcs\u0151devezet\u0151<\/strong><\/p>\n\n\n\n<p class=\"has-text-align-left has-black-color has-text-color has-link-color wp-elements-baa562800be0802fc573d93bc996d061\"><strong>Napocska csoport:<\/strong><\/p>\n\n\n\n<ul class=\"wp-block-list\">\n<li class=\"has-text-align-left has-black-color has-text-color has-link-color\">Aranyi Edina &#8211; Kisgyermeknevel\u0151<\/li>\n\n\n\n<li class=\"has-text-align-left has-black-color has-text-color has-link-color\">\u00c1goston-Pupp T\u00edmea &#8211; Kigyermeknevel\u0151<\/li>\n\n\n\n<li class=\"has-text-align-left has-black-color has-text-color has-link-color\">Horv\u00e1thn\u00e9 Pr\u00f3fusz Ren\u00e1ta &#8211; B\u00f6lcs\u0151dei dajka<\/li>\n<\/ul>\n\n\n\n<p class=\"has-text-align-left\"><strong>B\u00e9ka csoport:<\/strong><\/p>\n\n\n\n<ul class=\"wp-block-list\">\n<li class=\"has-text-align-left has-black-color has-text-color has-link-color\">N\u00e9meth- Ha\u00e1g Ren\u00e1ta Krisztina &#8211; Kisgyermeknevel\u0151<\/li>\n\n\n\n<li class=\"has-text-align-left has-black-color has-text-color has-link-color\">Toldy Dominika &#8211; Kisgyermeknevel\u0151<\/li>\n\n\n\n<li class=\"has-text-align-left has-black-color has-text-color has-link-color\">Horv\u00e1thn\u00e9 Pr\u00f3fusz Ren\u00e1ta &#8211; B\u00f6lcs\u0151dei dajka<\/li>\n<\/ul>\n\n\n\n<p class=\"has-text-align-left\"><strong>S\u00fcni csoport:<\/strong><\/p>\n\n\n\n<ul class=\"wp-block-list\">\n<li class=\"has-text-align-left has-black-color has-text-color has-link-color\">Fil\u00f3n\u00e9 P\u00e1kozdi Zsuzsanna- Kisgyermeknevel\u0151<\/li>\n\n\n\n<li class=\"has-text-align-left has-black-color has-text-color has-link-color\">Horv\u00e1thn\u00e9 B\u00e1torfi Anna Magdolna- Kisgyermeknevel\u0151<\/li>\n\n\n\n<li class=\"has-text-align-left has-black-color has-text-color has-link-color\">P\u00e1sztor T\u00fcnde- B\u00f6lcs\u0151dei dajka<\/li>\n<\/ul>\n\n\n\n<p class=\"has-text-align-left\"><strong>Katica csoport:<\/strong><\/p>\n\n\n\n<ul class=\"wp-block-list\">\n<li class=\"has-text-align-left has-black-color has-text-color has-link-color\">Donka Anita- Kisgyermeknevel\u0151<\/li>\n\n\n\n<li class=\"has-text-align-left has-black-color has-text-color has-link-color\">Marton-Sz\u0151nyi Melinda- Kisgyermeknevel\u0151<\/li>\n\n\n\n<li class=\"has-text-align-left has-black-color has-text-color has-link-color\">P\u00e1sztor T\u00fcnde- B\u00f6lcs\u0151dei dajka<\/li>\n<\/ul>\n","protected":false},"excerpt":{"rendered":"<p>F\u00fcl\u00f6p-Czethoffer D\u00f3ra &#8211; B\u00f6lcs\u0151devezet\u0151 Napocska csoport: B\u00e9ka csoport: S\u00fcni csoport: Katica csoport:<\/p>\n","protected":false},"author":1,"featured_media":245,"parent":165,"menu_order":0,"comment_status":"closed","ping_status":"closed","template":"","meta":{"ngg_post_thumbnail":0,"footnotes":""},"class_list":["post-1581","page","type-page","status-publish","has-post-thumbnail","hentry"],"yoast_head":"<!-- This site is optimized with the Yoast SEO plugin v21.9.1 - https:\/\/yoast.com\/wordpress\/plugins\/seo\/ -->\n<title>Dolgoz\u00f3ink - Csodaorsz\u00e1g \u00d3voda, B\u00f6lcs\u0151de \u00e9s K\u00f6z\u00e9tkeztet\u00e9st Ell\u00e1t\u00f3 Int\u00e9zm\u00e9ny<\/title>\n<meta name=\"robots\" content=\"index, follow, max-snippet:-1, max-image-preview:large, max-video-preview:-1\" \/>\n<link rel=\"canonical\" href=\"https:\/\/bukovoda.hu\/?page_id=1581\" \/>\n<meta property=\"og:locale\" content=\"hu_HU\" \/>\n<meta property=\"og:type\" content=\"article\" \/>\n<meta property=\"og:title\" content=\"Dolgoz\u00f3ink - Csodaorsz\u00e1g \u00d3voda, B\u00f6lcs\u0151de \u00e9s K\u00f6z\u00e9tkeztet\u00e9st Ell\u00e1t\u00f3 Int\u00e9zm\u00e9ny\" \/>\n<meta property=\"og:description\" content=\"F\u00fcl\u00f6p-Czethoffer D\u00f3ra &#8211; B\u00f6lcs\u0151devezet\u0151 Napocska csoport: B\u00e9ka csoport: S\u00fcni csoport: Katica csoport:\" \/>\n<meta property=\"og:url\" content=\"https:\/\/bukovoda.hu\/?page_id=1581\" \/>\n<meta property=\"og:site_name\" content=\"Csodaorsz\u00e1g \u00d3voda, B\u00f6lcs\u0151de \u00e9s K\u00f6z\u00e9tkeztet\u00e9st Ell\u00e1t\u00f3 Int\u00e9zm\u00e9ny\" \/>\n<meta property=\"article:modified_time\" content=\"2025-11-12T10:45:35+00:00\" \/>\n<meta property=\"og:image\" content=\"https:\/\/bukovoda.hu\/wp-content\/uploads\/2024\/02\/Artboard-1-copy-5-100-scaled.jpg\" \/>\n\t<meta property=\"og:image:width\" content=\"2560\" \/>\n\t<meta property=\"og:image:height\" content=\"898\" \/>\n\t<meta property=\"og:image:type\" content=\"image\/jpeg\" \/>\n<meta name=\"twitter:card\" content=\"summary_large_image\" \/>\n<meta name=\"twitter:label1\" content=\"Becs\u00fclt olvas\u00e1si id\u0151\" \/>\n\t<meta name=\"twitter:data1\" content=\"1 perc\" \/>\n<script type=\"application\/ld+json\" class=\"yoast-schema-graph\">{\"@context\":\"https:\/\/schema.org\",\"@graph\":[{\"@type\":\"WebPage\",\"@id\":\"https:\/\/bukovoda.hu\/?page_id=1581\",\"url\":\"https:\/\/bukovoda.hu\/?page_id=1581\",\"name\":\"Dolgoz\u00f3ink - Csodaorsz\u00e1g \u00d3voda, B\u00f6lcs\u0151de \u00e9s K\u00f6z\u00e9tkeztet\u00e9st Ell\u00e1t\u00f3 Int\u00e9zm\u00e9ny\",\"isPartOf\":{\"@id\":\"https:\/\/bukovoda.hu\/#website\"},\"datePublished\":\"2025-08-29T07:40:47+00:00\",\"dateModified\":\"2025-11-12T10:45:35+00:00\",\"breadcrumb\":{\"@id\":\"https:\/\/bukovoda.hu\/?page_id=1581#breadcrumb\"},\"inLanguage\":\"hu\",\"potentialAction\":[{\"@type\":\"ReadAction\",\"target\":[\"https:\/\/bukovoda.hu\/?page_id=1581\"]}]},{\"@type\":\"BreadcrumbList\",\"@id\":\"https:\/\/bukovoda.hu\/?page_id=1581#breadcrumb\",\"itemListElement\":[{\"@type\":\"ListItem\",\"position\":1,\"name\":\"Kezd\u0151lap\",\"item\":\"https:\/\/bukovoda.hu\/\"},{\"@type\":\"ListItem\",\"position\":2,\"name\":\"B\u00f6lcs\u0151de\",\"item\":\"https:\/\/bukovoda.hu\/?page_id=165\"},{\"@type\":\"ListItem\",\"position\":3,\"name\":\"Dolgoz\u00f3ink\"}]},{\"@type\":\"WebSite\",\"@id\":\"https:\/\/bukovoda.hu\/#website\",\"url\":\"https:\/\/bukovoda.hu\/\",\"name\":\"Csodaorsz\u00e1g \u00d3voda, B\u00f6lcs\u0151de \u00e9s K\u00f6z\u00e9tkeztet\u00e9st Ell\u00e1t\u00f3 Int\u00e9zm\u00e9ny\",\"description\":\"\",\"publisher\":{\"@id\":\"https:\/\/bukovoda.hu\/#organization\"},\"potentialAction\":[{\"@type\":\"SearchAction\",\"target\":{\"@type\":\"EntryPoint\",\"urlTemplate\":\"https:\/\/bukovoda.hu\/?s={search_term_string}\"},\"query-input\":\"required name=search_term_string\"}],\"inLanguage\":\"hu\"},{\"@type\":\"Organization\",\"@id\":\"https:\/\/bukovoda.hu\/#organization\",\"name\":\"Csodaorsz\u00e1g \u00d3voda, B\u00f6lcs\u0151de \u00e9s K\u00f6z\u00e9tkeztet\u00e9st Ell\u00e1t\u00f3 Int\u00e9zm\u00e9ny\",\"url\":\"https:\/\/bukovoda.hu\/\",\"logo\":{\"@type\":\"ImageObject\",\"inLanguage\":\"hu\",\"@id\":\"https:\/\/bukovoda.hu\/#\/schema\/logo\/image\/\",\"url\":\"https:\/\/bukovoda.hu\/wp-content\/uploads\/2024\/02\/cropped-cropped-Csodaorszag_ovoda-Logo-4-Color.jpg\",\"contentUrl\":\"https:\/\/bukovoda.hu\/wp-content\/uploads\/2024\/02\/cropped-cropped-Csodaorszag_ovoda-Logo-4-Color.jpg\",\"width\":508,\"height\":239,\"caption\":\"Csodaorsz\u00e1g \u00d3voda, B\u00f6lcs\u0151de \u00e9s K\u00f6z\u00e9tkeztet\u00e9st Ell\u00e1t\u00f3 Int\u00e9zm\u00e9ny\"},\"image\":{\"@id\":\"https:\/\/bukovoda.hu\/#\/schema\/logo\/image\/\"}}]}<\/script>\n<!-- \/ Yoast SEO plugin. -->","yoast_head_json":{"title":"Dolgoz\u00f3ink - Csodaorsz\u00e1g \u00d3voda, B\u00f6lcs\u0151de \u00e9s K\u00f6z\u00e9tkeztet\u00e9st Ell\u00e1t\u00f3 Int\u00e9zm\u00e9ny","robots":{"index":"index","follow":"follow","max-snippet":"max-snippet:-1","max-image-preview":"max-image-preview:large","max-video-preview":"max-video-preview:-1"},"canonical":"https:\/\/bukovoda.hu\/?page_id=1581","og_locale":"hu_HU","og_type":"article","og_title":"Dolgoz\u00f3ink - Csodaorsz\u00e1g \u00d3voda, B\u00f6lcs\u0151de \u00e9s K\u00f6z\u00e9tkeztet\u00e9st Ell\u00e1t\u00f3 Int\u00e9zm\u00e9ny","og_description":"F\u00fcl\u00f6p-Czethoffer D\u00f3ra &#8211; B\u00f6lcs\u0151devezet\u0151 Napocska csoport: B\u00e9ka csoport: S\u00fcni csoport: Katica csoport:","og_url":"https:\/\/bukovoda.hu\/?page_id=1581","og_site_name":"Csodaorsz\u00e1g \u00d3voda, B\u00f6lcs\u0151de \u00e9s K\u00f6z\u00e9tkeztet\u00e9st Ell\u00e1t\u00f3 Int\u00e9zm\u00e9ny","article_modified_time":"2025-11-12T10:45:35+00:00","og_image":[{"width":2560,"height":898,"url":"https:\/\/bukovoda.hu\/wp-content\/uploads\/2024\/02\/Artboard-1-copy-5-100-scaled.jpg","type":"image\/jpeg"}],"twitter_card":"summary_large_image","twitter_misc":{"Becs\u00fclt olvas\u00e1si id\u0151":"1 perc"},"schema":{"@context":"https:\/\/schema.org","@graph":[{"@type":"WebPage","@id":"https:\/\/bukovoda.hu\/?page_id=1581","url":"https:\/\/bukovoda.hu\/?page_id=1581","name":"Dolgoz\u00f3ink - Csodaorsz\u00e1g \u00d3voda, B\u00f6lcs\u0151de \u00e9s K\u00f6z\u00e9tkeztet\u00e9st Ell\u00e1t\u00f3 Int\u00e9zm\u00e9ny","isPartOf":{"@id":"https:\/\/bukovoda.hu\/#website"},"datePublished":"2025-08-29T07:40:47+00:00","dateModified":"2025-11-12T10:45:35+00:00","breadcrumb":{"@id":"https:\/\/bukovoda.hu\/?page_id=1581#breadcrumb"},"inLanguage":"hu","potentialAction":[{"@type":"ReadAction","target":["https:\/\/bukovoda.hu\/?page_id=1581"]}]},{"@type":"BreadcrumbList","@id":"https:\/\/bukovoda.hu\/?page_id=1581#breadcrumb","itemListElement":[{"@type":"ListItem","position":1,"name":"Kezd\u0151lap","item":"https:\/\/bukovoda.hu\/"},{"@type":"ListItem","position":2,"name":"B\u00f6lcs\u0151de","item":"https:\/\/bukovoda.hu\/?page_id=165"},{"@type":"ListItem","position":3,"name":"Dolgoz\u00f3ink"}]},{"@type":"WebSite","@id":"https:\/\/bukovoda.hu\/#website","url":"https:\/\/bukovoda.hu\/","name":"Csodaorsz\u00e1g \u00d3voda, B\u00f6lcs\u0151de \u00e9s K\u00f6z\u00e9tkeztet\u00e9st Ell\u00e1t\u00f3 Int\u00e9zm\u00e9ny","description":"","publisher":{"@id":"https:\/\/bukovoda.hu\/#organization"},"potentialAction":[{"@type":"SearchAction","target":{"@type":"EntryPoint","urlTemplate":"https:\/\/bukovoda.hu\/?s={search_term_string}"},"query-input":"required name=search_term_string"}],"inLanguage":"hu"},{"@type":"Organization","@id":"https:\/\/bukovoda.hu\/#organization","name":"Csodaorsz\u00e1g \u00d3voda, B\u00f6lcs\u0151de \u00e9s K\u00f6z\u00e9tkeztet\u00e9st Ell\u00e1t\u00f3 Int\u00e9zm\u00e9ny","url":"https:\/\/bukovoda.hu\/","logo":{"@type":"ImageObject","inLanguage":"hu","@id":"https:\/\/bukovoda.hu\/#\/schema\/logo\/image\/","url":"https:\/\/bukovoda.hu\/wp-content\/uploads\/2024\/02\/cropped-cropped-Csodaorszag_ovoda-Logo-4-Color.jpg","contentUrl":"https:\/\/bukovoda.hu\/wp-content\/uploads\/2024\/02\/cropped-cropped-Csodaorszag_ovoda-Logo-4-Color.jpg","width":508,"height":239,"caption":"Csodaorsz\u00e1g \u00d3voda, B\u00f6lcs\u0151de \u00e9s K\u00f6z\u00e9tkeztet\u00e9st Ell\u00e1t\u00f3 Int\u00e9zm\u00e9ny"},"image":{"@id":"https:\/\/bukovoda.hu\/#\/schema\/logo\/image\/"}}]}},"blog_post_layout_featured_media_urls":{"thumbnail":["https:\/\/bukovoda.hu\/wp-content\/uploads\/2024\/02\/Artboard-1-copy-5-100-150x150.jpg",150,150,true],"full":["https:\/\/bukovoda.hu\/wp-content\/uploads\/2024\/02\/Artboard-1-copy-5-100-scaled.jpg",2560,898,false]},"categories_names":null,"comments_number":"0","_links":{"self":[{"href":"https:\/\/bukovoda.hu\/index.php?rest_route=\/wp\/v2\/pages\/1581"}],"collection":[{"href":"https:\/\/bukovoda.hu\/index.php?rest_route=\/wp\/v2\/pages"}],"about":[{"href":"https:\/\/bukovoda.hu\/index.php?rest_route=\/wp\/v2\/types\/page"}],"author":[{"embeddable":true,"href":"https:\/\/bukovoda.hu\/index.php?rest_route=\/wp\/v2\/users\/1"}],"replies":[{"embeddable":true,"href":"https:\/\/bukovoda.hu\/index.php?rest_route=%2Fwp%2Fv2%2Fcomments&post=1581"}],"version-history":[{"count":4,"href":"https:\/\/bukovoda.hu\/index.php?rest_route=\/wp\/v2\/pages\/1581\/revisions"}],"predecessor-version":[{"id":1711,"href":"https:\/\/bukovoda.hu\/index.php?rest_route=\/wp\/v2\/pages\/1581\/revisions\/1711"}],"up":[{"embeddable":true,"href":"https:\/\/bukovoda.hu\/index.php?rest_route=\/wp\/v2\/pages\/165"}],"wp:featuredmedia":[{"embeddable":true,"href":"https:\/\/bukovoda.hu\/index.php?rest_route=\/wp\/v2\/media\/245"}],"wp:attachment":[{"href":"https:\/\/bukovoda.hu\/index.php?rest_route=%2Fwp%2Fv2%2Fmedia&parent=1581"}],"curies":[{"name":"wp","href":"https:\/\/api.w.org\/{rel}","templated":true}]}}