{"id":168,"date":"2024-02-07T13:13:38","date_gmt":"2024-02-07T13:13:38","guid":{"rendered":"https:\/\/bukovoda.hsro.hu\/?page_id=168"},"modified":"2024-08-02T07:04:53","modified_gmt":"2024-08-02T07:04:53","slug":"dokumentumok","status":"publish","type":"page","link":"https:\/\/bukovoda.hu\/?page_id=168","title":{"rendered":"Nyomtatv\u00e1nyok"},"content":{"rendered":"<section class='__wpdm_gb_section __wpdm_gb_category'><div class='w3eden'>\n    <div class=''>\n\n        \n        <div id=\"content_wpdm_package_1\">\n            <div class='row'><div class='col-lg-12 col-md-12 col-12'><!-- WPDM Link Template: Default Template ( Compact ) -->\n\n<div class=\"link-template-default card mb-2\">\n    <div class=\"card-body\">\n        <div class=\"media\">\n            <div class=\"mr-3 img-48\"><img decoding=\"async\" class=\"wpdm_icon\" alt=\"Ikon\" src=\"https:\/\/bukovoda.hu\/wp-content\/plugins\/download-manager\/assets\/file-type-icons\/pdf.svg\" \/><\/div>\n            <div class=\"media-body\">\n                <h3 class=\"package-title\">Nyilatkozat a gyermek eg\u00e9szs\u00e9gi \u00e1llapot\u00e1r\u00f3l<\/h3>\n                <div class=\"text-muted text-small\"><i class=\"fas fa-copy\"><\/i> 1 f\u00e1jl(ok) <i class=\"fas fa-hdd ml-3\"><\/i> 201.74 KB<\/div>\n            <\/div>\n            <div class=\"ml-3\">\n                <a class='wpdm-download-link download-on-click btn btn-primary ' rel='nofollow' href='#' data-downloadurl=\"https:\/\/bukovoda.hu\/?wpdmpro=nyilatkozat-a-gyermek-egeszsegi-allapotarol&#038;wpdmdl=1953&#038;refresh=69d6c351b13a21775682385\">Let\u00f6lt\u00e9s<\/a>\n            <\/div>\n        <\/div>\n    <\/div>\n<\/div>\n\n<\/div><div class='col-lg-12 col-md-12 col-12'><!-- WPDM Link Template: Default Template ( Compact ) -->\n\n<div class=\"link-template-default card mb-2\">\n    <div class=\"card-body\">\n        <div class=\"media\">\n            <div class=\"mr-3 img-48\"><img decoding=\"async\" class=\"wpdm_icon\" alt=\"Ikon\" src=\"https:\/\/bukovoda.hu\/wp-content\/plugins\/download-manager\/assets\/file-type-icons\/pdf.svg\" \/><\/div>\n            <div class=\"media-body\">\n                <h3 class=\"package-title\">Nyilatkozat adatkezel\u00e9sr\u0151l<\/h3>\n                <div class=\"text-muted text-small\"><i class=\"fas fa-copy\"><\/i> 1 f\u00e1jl(ok) <i class=\"fas fa-hdd ml-3\"><\/i> 137.95 KB<\/div>\n            <\/div>\n            <div class=\"ml-3\">\n                <a class='wpdm-download-link download-on-click btn btn-primary ' rel='nofollow' href='#' data-downloadurl=\"https:\/\/bukovoda.hu\/?wpdmpro=nyilatkozat-adatkezelesrol-2&#038;wpdmdl=1952&#038;refresh=69d6c351b363b1775682385\">Let\u00f6lt\u00e9s<\/a>\n            <\/div>\n        <\/div>\n    <\/div>\n<\/div>\n\n<\/div><div class='col-lg-12 col-md-12 col-12'><!-- WPDM Link Template: Default Template ( Compact ) -->\n\n<div class=\"link-template-default card mb-2\">\n    <div class=\"card-body\">\n        <div class=\"media\">\n            <div class=\"mr-3 img-48\"><img decoding=\"async\" class=\"wpdm_icon\" alt=\"Ikon\" src=\"https:\/\/bukovoda.hu\/wp-content\/plugins\/download-manager\/assets\/file-type-icons\/pdf.svg\" \/><\/div>\n            <div class=\"media-body\">\n                <h3 class=\"package-title\">Nyilatkozat a gyermek \u00f3vod\u00e1ban val\u00f3 tart\u00f3zkod\u00e1s\u00e1r\u00f3l<\/h3>\n                <div class=\"text-muted text-small\"><i class=\"fas fa-copy\"><\/i> 1 f\u00e1jl(ok) <i class=\"fas fa-hdd ml-3\"><\/i> 171.93 KB<\/div>\n            <\/div>\n            <div class=\"ml-3\">\n                <a class='wpdm-download-link download-on-click btn btn-primary ' rel='nofollow' href='#' data-downloadurl=\"https:\/\/bukovoda.hu\/?wpdmpro=nyilatkozat-a-gyermek-ovodaban-valo-tartozkodasarol&#038;wpdmdl=1951&#038;refresh=69d6c351b43471775682385\">Let\u00f6lt\u00e9s<\/a>\n            <\/div>\n        <\/div>\n    <\/div>\n<\/div>\n\n<\/div><div class='col-lg-12 col-md-12 col-12'><!-- WPDM Link Template: Default Template ( Compact ) -->\n\n<div class=\"link-template-default card mb-2\">\n    <div class=\"card-body\">\n        <div class=\"media\">\n            <div class=\"mr-3 img-48\"><img decoding=\"async\" class=\"wpdm_icon\" alt=\"Ikon\" src=\"https:\/\/bukovoda.hu\/wp-content\/plugins\/download-manager\/assets\/file-type-icons\/pdf.svg\" \/><\/div>\n            <div class=\"media-body\">\n                <h3 class=\"package-title\">Nyilatkozat Ovikr\u00e9ta regisztr\u00e1ci\u00f3hoz<\/h3>\n                <div class=\"text-muted text-small\"><i class=\"fas fa-copy\"><\/i> 1 f\u00e1jl(ok) <i class=\"fas fa-hdd ml-3\"><\/i> 169.10 KB<\/div>\n            <\/div>\n            <div class=\"ml-3\">\n                <a class='wpdm-download-link download-on-click btn btn-primary ' rel='nofollow' href='#' data-downloadurl=\"https:\/\/bukovoda.hu\/?wpdmpro=nyilatkozat-ovikreta-regisztraciohoz&#038;wpdmdl=1950&#038;refresh=69d6c351b4e7f1775682385\">Let\u00f6lt\u00e9s<\/a>\n            <\/div>\n        <\/div>\n    <\/div>\n<\/div>\n\n<\/div><div class='col-lg-12 col-md-12 col-12'><!-- WPDM Link Template: Default Template ( Compact ) -->\n\n<div class=\"link-template-default card mb-2\">\n    <div class=\"card-body\">\n        <div class=\"media\">\n            <div class=\"mr-3 img-48\"><img decoding=\"async\" class=\"wpdm_icon\" alt=\"Ikon\" src=\"https:\/\/bukovoda.hu\/wp-content\/plugins\/download-manager\/assets\/file-type-icons\/pdf.svg\" \/><\/div>\n            <div class=\"media-body\">\n                <h3 class=\"package-title\">Nyilatkozat gyermeki alkot\u00e1s k\u00f6zz\u00e9t\u00e9tel\u00e9hez val\u00f3 hozz\u00e1j\u00e1rul\u00e1shoz<\/h3>\n                <div class=\"text-muted text-small\"><i class=\"fas fa-copy\"><\/i> 1 f\u00e1jl(ok) <i class=\"fas fa-hdd ml-3\"><\/i> 528.07 KB<\/div>\n            <\/div>\n            <div class=\"ml-3\">\n                <a class='wpdm-download-link download-on-click btn btn-primary ' rel='nofollow' href='#' data-downloadurl=\"https:\/\/bukovoda.hu\/?wpdmpro=nyilatkozat-gyermeki-alkotas-kozzetetelehez-valo-hozzajarulashoz&#038;wpdmdl=1949&#038;refresh=69d6c351b59b91775682385\">Let\u00f6lt\u00e9s<\/a>\n            <\/div>\n        <\/div>\n    <\/div>\n<\/div>\n\n<\/div><div class='col-lg-12 col-md-12 col-12'><!-- WPDM Link Template: Default Template ( Compact ) -->\n\n<div class=\"link-template-default card mb-2\">\n    <div class=\"card-body\">\n        <div class=\"media\">\n            <div class=\"mr-3 img-48\"><img decoding=\"async\" class=\"wpdm_icon\" alt=\"Ikon\" src=\"https:\/\/bukovoda.hu\/wp-content\/plugins\/download-manager\/assets\/file-type-icons\/pdf.svg\" \/><\/div>\n            <div class=\"media-body\">\n                <h3 class=\"package-title\">\u00d3vodakezd\u00e9si t\u00e1mogat\u00e1s ir\u00e1nti k\u00e9relem<\/h3>\n                <div class=\"text-muted text-small\"><i class=\"fas fa-copy\"><\/i> 1 f\u00e1jl(ok) <i class=\"fas fa-hdd ml-3\"><\/i> 112.64 KB<\/div>\n            <\/div>\n            <div class=\"ml-3\">\n                <a class='wpdm-download-link download-on-click btn btn-primary ' rel='nofollow' href='#' data-downloadurl=\"https:\/\/bukovoda.hu\/?wpdmpro=ovodakezdesi-tamogatas-iranti-kerelem&#038;wpdmdl=1538&#038;refresh=69d6c351b65ae1775682385\">Let\u00f6lt\u00e9s<\/a>\n            <\/div>\n        <\/div>\n    <\/div>\n<\/div>\n\n<\/div><div class='col-lg-12 col-md-12 col-12'><!-- WPDM Link Template: Default Template ( Compact ) -->\n\n<div class=\"link-template-default card mb-2\">\n    <div class=\"card-body\">\n        <div class=\"media\">\n            <div class=\"mr-3 img-48\"><img decoding=\"async\" class=\"wpdm_icon\" alt=\"Ikon\" src=\"https:\/\/bukovoda.hu\/wp-content\/plugins\/download-manager\/assets\/file-type-icons\/pdf.svg\" \/><\/div>\n            <div class=\"media-body\">\n                <h3 class=\"package-title\">Nyilatkozat \u00f3vodai nevel\u00e9s ig\u00e9nybev\u00e9tel\u00e9r\u0151l<\/h3>\n                <div class=\"text-muted text-small\"><i class=\"fas fa-copy\"><\/i> 1 f\u00e1jl(ok) <i class=\"fas fa-hdd ml-3\"><\/i> 203.15 KB<\/div>\n            <\/div>\n            <div class=\"ml-3\">\n                <a class='wpdm-download-link download-on-click btn btn-primary ' rel='nofollow' href='#' data-downloadurl=\"https:\/\/bukovoda.hu\/?wpdmpro=nyilatkozat-ovodai-neveles-igenybevetelerol&#038;wpdmdl=533&#038;refresh=69d6c351b71111775682385\">Let\u00f6lt\u00e9s<\/a>\n            <\/div>\n        <\/div>\n    <\/div>\n<\/div>\n\n<\/div><div class='col-lg-12 col-md-12 col-12'><!-- WPDM Link Template: Default Template ( Compact ) -->\n\n<div class=\"link-template-default card mb-2\">\n    <div class=\"card-body\">\n        <div class=\"media\">\n            <div class=\"mr-3 img-48\"><img decoding=\"async\" class=\"wpdm_icon\" alt=\"Ikon\" src=\"https:\/\/bukovoda.hu\/wp-content\/plugins\/download-manager\/assets\/file-type-icons\/pdf.svg\" \/><\/div>\n            <div class=\"media-body\">\n                <h3 class=\"package-title\">Nyilatkozat csal\u00e1di p\u00f3tl\u00e9k ig\u00e9nybev\u00e9tel\u00e9r\u0151l<\/h3>\n                <div class=\"text-muted text-small\"><i class=\"fas fa-copy\"><\/i> 1 f\u00e1jl(ok) <i class=\"fas fa-hdd ml-3\"><\/i> 214.37 KB<\/div>\n            <\/div>\n            <div class=\"ml-3\">\n                <a class='wpdm-download-link download-on-click btn btn-primary ' rel='nofollow' href='#' data-downloadurl=\"https:\/\/bukovoda.hu\/?wpdmpro=nyilatkozat-csaladi-potlek-igenybevetelerol&#038;wpdmdl=532&#038;refresh=69d6c351b7c201775682385\">Let\u00f6lt\u00e9s<\/a>\n            <\/div>\n        <\/div>\n    <\/div>\n<\/div>\n\n<\/div><div class='col-lg-12 col-md-12 col-12'><!-- WPDM Link Template: Default Template ( Compact ) -->\n\n<div class=\"link-template-default card mb-2\">\n    <div class=\"card-body\">\n        <div class=\"media\">\n            <div class=\"mr-3 img-48\"><img decoding=\"async\" class=\"wpdm_icon\" alt=\"Ikon\" src=\"https:\/\/bukovoda.hu\/wp-content\/plugins\/download-manager\/assets\/file-type-icons\/pdf.svg\" \/><\/div>\n            <div class=\"media-body\">\n                <h3 class=\"package-title\">T\u00e1volmarad\u00e1s enged\u00e9ly\u00e9nek k\u00e9relme j\u00e1rv\u00e1nyhelyzetben<\/h3>\n                <div class=\"text-muted text-small\"><i class=\"fas fa-copy\"><\/i> 1 f\u00e1jl(ok) <i class=\"fas fa-hdd ml-3\"><\/i> 109.61 KB<\/div>\n            <\/div>\n            <div class=\"ml-3\">\n                <a class='wpdm-download-link download-on-click btn btn-primary ' rel='nofollow' href='#' data-downloadurl=\"https:\/\/bukovoda.hu\/?wpdmpro=tavolmaradas-engedelyenek-kerelme-jarvanyhelyzetben&#038;wpdmdl=526&#038;refresh=69d6c351b874b1775682385\">Let\u00f6lt\u00e9s<\/a>\n            <\/div>\n        <\/div>\n    <\/div>\n<\/div>\n\n<\/div><div class='col-lg-12 col-md-12 col-12'><!-- WPDM Link Template: Default Template ( Compact ) -->\n\n<div class=\"link-template-default card mb-2\">\n    <div class=\"card-body\">\n        <div class=\"media\">\n            <div class=\"mr-3 img-48\"><img decoding=\"async\" class=\"wpdm_icon\" alt=\"Ikon\" src=\"https:\/\/bukovoda.hu\/wp-content\/plugins\/download-manager\/assets\/file-type-icons\/pdf.svg\" \/><\/div>\n            <div class=\"media-body\">\n                <h3 class=\"package-title\">Nyilatkozat h\u00e1zirend \u00e1tv\u00e9tel\u00e9r\u0151l<\/h3>\n                <div class=\"text-muted text-small\"><i class=\"fas fa-copy\"><\/i> 1 f\u00e1jl(ok) <i class=\"fas fa-hdd ml-3\"><\/i> 134.28 KB<\/div>\n            <\/div>\n            <div class=\"ml-3\">\n                <a class='wpdm-download-link download-on-click btn btn-primary ' rel='nofollow' href='#' data-downloadurl=\"https:\/\/bukovoda.hu\/?wpdmpro=nyilatkozat-hazirend-atvetelerol&#038;wpdmdl=522&#038;refresh=69d6c351b932e1775682385\">Let\u00f6lt\u00e9s<\/a>\n            <\/div>\n        <\/div>\n    <\/div>\n<\/div>\n\n<\/div><\/div>            <div style='clear:both'><\/div><div class='text-center'><ul class='pagination wpdm-pagination pagination-centered text-center async'><li><span aria-current=\"page\" class=\"page-numbers current\">1<\/span><\/li><li><a data-container='#content_wpdm_package_1' class=\"page-numbers\" href=\"https:\/\/bukovoda.hu\/index.php\/?cp=2&#038;rest_route=%2Fwp%2Fv2%2Fpages%2F168\">2<\/a><\/li><li><a data-container='#content_wpdm_package_1' class=\"next page-numbers\" href=\"https:\/\/bukovoda.hu\/index.php\/?cp=2&#038;rest_route=%2Fwp%2Fv2%2Fpages%2F168\"> <i style=\"display: inline-block;width: 8px;height: 8px;border-right: 2px solid;border-top: 2px solid;transform: rotate(45deg);margin-left: -2px;margin-top: -2px;\"><\/i> <\/a><\/li><\/ul><\/div><div style='clear:both'><\/div>        <\/div>\n\n        <div style='clear:both'><\/div>\n    <\/div>\n<\/div>\n<\/section>\n\n\n<div class=\"wp-block-group\"><div class=\"wp-block-group__inner-container is-layout-constrained wp-block-group-is-layout-constrained\"><\/div><\/div>\n\n\n\n<p><\/p>\n","protected":false},"excerpt":{"rendered":"","protected":false},"author":1,"featured_media":250,"parent":163,"menu_order":3,"comment_status":"closed","ping_status":"closed","template":"","meta":{"ngg_post_thumbnail":0,"footnotes":""},"class_list":["post-168","page","type-page","status-publish","has-post-thumbnail","hentry"],"yoast_head":"<!-- This site is optimized with the Yoast SEO plugin v21.9.1 - https:\/\/yoast.com\/wordpress\/plugins\/seo\/ -->\n<title>Nyomtatv\u00e1nyok - Csodaorsz\u00e1g \u00d3voda, B\u00f6lcs\u0151de \u00e9s K\u00f6z\u00e9tkeztet\u00e9st Ell\u00e1t\u00f3 Int\u00e9zm\u00e9ny<\/title>\n<meta name=\"robots\" content=\"index, follow, max-snippet:-1, max-image-preview:large, max-video-preview:-1\" \/>\n<link rel=\"canonical\" href=\"https:\/\/bukovoda.hu\/?page_id=168\" \/>\n<meta property=\"og:locale\" content=\"hu_HU\" \/>\n<meta property=\"og:type\" content=\"article\" \/>\n<meta property=\"og:title\" content=\"Nyomtatv\u00e1nyok - Csodaorsz\u00e1g \u00d3voda, B\u00f6lcs\u0151de \u00e9s K\u00f6z\u00e9tkeztet\u00e9st Ell\u00e1t\u00f3 Int\u00e9zm\u00e9ny\" \/>\n<meta property=\"og:url\" content=\"https:\/\/bukovoda.hu\/?page_id=168\" \/>\n<meta property=\"og:site_name\" content=\"Csodaorsz\u00e1g \u00d3voda, B\u00f6lcs\u0151de \u00e9s K\u00f6z\u00e9tkeztet\u00e9st Ell\u00e1t\u00f3 Int\u00e9zm\u00e9ny\" \/>\n<meta property=\"article:modified_time\" content=\"2024-08-02T07:04:53+00:00\" \/>\n<meta property=\"og:image\" content=\"https:\/\/bukovoda.hu\/wp-content\/uploads\/2024\/02\/Artboard-1-copy-4-100-scaled.jpg\" \/>\n\t<meta property=\"og:image:width\" content=\"2560\" \/>\n\t<meta property=\"og:image:height\" content=\"898\" \/>\n\t<meta property=\"og:image:type\" content=\"image\/jpeg\" \/>\n<meta name=\"twitter:card\" content=\"summary_large_image\" \/>\n<meta name=\"twitter:label1\" content=\"Becs\u00fclt olvas\u00e1si id\u0151\" \/>\n\t<meta name=\"twitter:data1\" content=\"1 perc\" \/>\n<script type=\"application\/ld+json\" class=\"yoast-schema-graph\">{\"@context\":\"https:\/\/schema.org\",\"@graph\":[{\"@type\":\"WebPage\",\"@id\":\"https:\/\/bukovoda.hu\/?page_id=168\",\"url\":\"https:\/\/bukovoda.hu\/?page_id=168\",\"name\":\"Nyomtatv\u00e1nyok - Csodaorsz\u00e1g \u00d3voda, B\u00f6lcs\u0151de \u00e9s K\u00f6z\u00e9tkeztet\u00e9st Ell\u00e1t\u00f3 Int\u00e9zm\u00e9ny\",\"isPartOf\":{\"@id\":\"https:\/\/bukovoda.hu\/#website\"},\"datePublished\":\"2024-02-07T13:13:38+00:00\",\"dateModified\":\"2024-08-02T07:04:53+00:00\",\"breadcrumb\":{\"@id\":\"https:\/\/bukovoda.hu\/?page_id=168#breadcrumb\"},\"inLanguage\":\"hu\",\"potentialAction\":[{\"@type\":\"ReadAction\",\"target\":[\"https:\/\/bukovoda.hu\/?page_id=168\"]}]},{\"@type\":\"BreadcrumbList\",\"@id\":\"https:\/\/bukovoda.hu\/?page_id=168#breadcrumb\",\"itemListElement\":[{\"@type\":\"ListItem\",\"position\":1,\"name\":\"Kezd\u0151lap\",\"item\":\"https:\/\/bukovoda.hu\/\"},{\"@type\":\"ListItem\",\"position\":2,\"name\":\"\u00d3voda\",\"item\":\"https:\/\/bukovoda.hu\/?page_id=163\"},{\"@type\":\"ListItem\",\"position\":3,\"name\":\"Nyomtatv\u00e1nyok\"}]},{\"@type\":\"WebSite\",\"@id\":\"https:\/\/bukovoda.hu\/#website\",\"url\":\"https:\/\/bukovoda.hu\/\",\"name\":\"Csodaorsz\u00e1g \u00d3voda, B\u00f6lcs\u0151de \u00e9s K\u00f6z\u00e9tkeztet\u00e9st Ell\u00e1t\u00f3 Int\u00e9zm\u00e9ny\",\"description\":\"\",\"publisher\":{\"@id\":\"https:\/\/bukovoda.hu\/#organization\"},\"potentialAction\":[{\"@type\":\"SearchAction\",\"target\":{\"@type\":\"EntryPoint\",\"urlTemplate\":\"https:\/\/bukovoda.hu\/?s={search_term_string}\"},\"query-input\":\"required name=search_term_string\"}],\"inLanguage\":\"hu\"},{\"@type\":\"Organization\",\"@id\":\"https:\/\/bukovoda.hu\/#organization\",\"name\":\"Csodaorsz\u00e1g \u00d3voda, B\u00f6lcs\u0151de \u00e9s K\u00f6z\u00e9tkeztet\u00e9st Ell\u00e1t\u00f3 Int\u00e9zm\u00e9ny\",\"url\":\"https:\/\/bukovoda.hu\/\",\"logo\":{\"@type\":\"ImageObject\",\"inLanguage\":\"hu\",\"@id\":\"https:\/\/bukovoda.hu\/#\/schema\/logo\/image\/\",\"url\":\"https:\/\/bukovoda.hu\/wp-content\/uploads\/2024\/02\/cropped-cropped-Csodaorszag_ovoda-Logo-4-Color.jpg\",\"contentUrl\":\"https:\/\/bukovoda.hu\/wp-content\/uploads\/2024\/02\/cropped-cropped-Csodaorszag_ovoda-Logo-4-Color.jpg\",\"width\":508,\"height\":239,\"caption\":\"Csodaorsz\u00e1g \u00d3voda, B\u00f6lcs\u0151de \u00e9s K\u00f6z\u00e9tkeztet\u00e9st Ell\u00e1t\u00f3 Int\u00e9zm\u00e9ny\"},\"image\":{\"@id\":\"https:\/\/bukovoda.hu\/#\/schema\/logo\/image\/\"}}]}<\/script>\n<!-- \/ Yoast SEO plugin. -->","yoast_head_json":{"title":"Nyomtatv\u00e1nyok - Csodaorsz\u00e1g \u00d3voda, B\u00f6lcs\u0151de \u00e9s K\u00f6z\u00e9tkeztet\u00e9st Ell\u00e1t\u00f3 Int\u00e9zm\u00e9ny","robots":{"index":"index","follow":"follow","max-snippet":"max-snippet:-1","max-image-preview":"max-image-preview:large","max-video-preview":"max-video-preview:-1"},"canonical":"https:\/\/bukovoda.hu\/?page_id=168","og_locale":"hu_HU","og_type":"article","og_title":"Nyomtatv\u00e1nyok - Csodaorsz\u00e1g \u00d3voda, B\u00f6lcs\u0151de \u00e9s K\u00f6z\u00e9tkeztet\u00e9st Ell\u00e1t\u00f3 Int\u00e9zm\u00e9ny","og_url":"https:\/\/bukovoda.hu\/?page_id=168","og_site_name":"Csodaorsz\u00e1g \u00d3voda, B\u00f6lcs\u0151de \u00e9s K\u00f6z\u00e9tkeztet\u00e9st Ell\u00e1t\u00f3 Int\u00e9zm\u00e9ny","article_modified_time":"2024-08-02T07:04:53+00:00","og_image":[{"width":2560,"height":898,"url":"https:\/\/bukovoda.hu\/wp-content\/uploads\/2024\/02\/Artboard-1-copy-4-100-scaled.jpg","type":"image\/jpeg"}],"twitter_card":"summary_large_image","twitter_misc":{"Becs\u00fclt olvas\u00e1si id\u0151":"1 perc"},"schema":{"@context":"https:\/\/schema.org","@graph":[{"@type":"WebPage","@id":"https:\/\/bukovoda.hu\/?page_id=168","url":"https:\/\/bukovoda.hu\/?page_id=168","name":"Nyomtatv\u00e1nyok - Csodaorsz\u00e1g \u00d3voda, B\u00f6lcs\u0151de \u00e9s K\u00f6z\u00e9tkeztet\u00e9st Ell\u00e1t\u00f3 Int\u00e9zm\u00e9ny","isPartOf":{"@id":"https:\/\/bukovoda.hu\/#website"},"datePublished":"2024-02-07T13:13:38+00:00","dateModified":"2024-08-02T07:04:53+00:00","breadcrumb":{"@id":"https:\/\/bukovoda.hu\/?page_id=168#breadcrumb"},"inLanguage":"hu","potentialAction":[{"@type":"ReadAction","target":["https:\/\/bukovoda.hu\/?page_id=168"]}]},{"@type":"BreadcrumbList","@id":"https:\/\/bukovoda.hu\/?page_id=168#breadcrumb","itemListElement":[{"@type":"ListItem","position":1,"name":"Kezd\u0151lap","item":"https:\/\/bukovoda.hu\/"},{"@type":"ListItem","position":2,"name":"\u00d3voda","item":"https:\/\/bukovoda.hu\/?page_id=163"},{"@type":"ListItem","position":3,"name":"Nyomtatv\u00e1nyok"}]},{"@type":"WebSite","@id":"https:\/\/bukovoda.hu\/#website","url":"https:\/\/bukovoda.hu\/","name":"Csodaorsz\u00e1g \u00d3voda, B\u00f6lcs\u0151de \u00e9s K\u00f6z\u00e9tkeztet\u00e9st Ell\u00e1t\u00f3 Int\u00e9zm\u00e9ny","description":"","publisher":{"@id":"https:\/\/bukovoda.hu\/#organization"},"potentialAction":[{"@type":"SearchAction","target":{"@type":"EntryPoint","urlTemplate":"https:\/\/bukovoda.hu\/?s={search_term_string}"},"query-input":"required name=search_term_string"}],"inLanguage":"hu"},{"@type":"Organization","@id":"https:\/\/bukovoda.hu\/#organization","name":"Csodaorsz\u00e1g \u00d3voda, B\u00f6lcs\u0151de \u00e9s K\u00f6z\u00e9tkeztet\u00e9st Ell\u00e1t\u00f3 Int\u00e9zm\u00e9ny","url":"https:\/\/bukovoda.hu\/","logo":{"@type":"ImageObject","inLanguage":"hu","@id":"https:\/\/bukovoda.hu\/#\/schema\/logo\/image\/","url":"https:\/\/bukovoda.hu\/wp-content\/uploads\/2024\/02\/cropped-cropped-Csodaorszag_ovoda-Logo-4-Color.jpg","contentUrl":"https:\/\/bukovoda.hu\/wp-content\/uploads\/2024\/02\/cropped-cropped-Csodaorszag_ovoda-Logo-4-Color.jpg","width":508,"height":239,"caption":"Csodaorsz\u00e1g \u00d3voda, B\u00f6lcs\u0151de \u00e9s K\u00f6z\u00e9tkeztet\u00e9st Ell\u00e1t\u00f3 Int\u00e9zm\u00e9ny"},"image":{"@id":"https:\/\/bukovoda.hu\/#\/schema\/logo\/image\/"}}]}},"blog_post_layout_featured_media_urls":{"thumbnail":["https:\/\/bukovoda.hu\/wp-content\/uploads\/2024\/02\/Artboard-1-copy-4-100-150x150.jpg",150,150,true],"full":["https:\/\/bukovoda.hu\/wp-content\/uploads\/2024\/02\/Artboard-1-copy-4-100-scaled.jpg",2560,898,false]},"categories_names":null,"comments_number":"0","_links":{"self":[{"href":"https:\/\/bukovoda.hu\/index.php?rest_route=\/wp\/v2\/pages\/168"}],"collection":[{"href":"https:\/\/bukovoda.hu\/index.php?rest_route=\/wp\/v2\/pages"}],"about":[{"href":"https:\/\/bukovoda.hu\/index.php?rest_route=\/wp\/v2\/types\/page"}],"author":[{"embeddable":true,"href":"https:\/\/bukovoda.hu\/index.php?rest_route=\/wp\/v2\/users\/1"}],"replies":[{"embeddable":true,"href":"https:\/\/bukovoda.hu\/index.php?rest_route=%2Fwp%2Fv2%2Fcomments&post=168"}],"version-history":[{"count":12,"href":"https:\/\/bukovoda.hu\/index.php?rest_route=\/wp\/v2\/pages\/168\/revisions"}],"predecessor-version":[{"id":652,"href":"https:\/\/bukovoda.hu\/index.php?rest_route=\/wp\/v2\/pages\/168\/revisions\/652"}],"up":[{"embeddable":true,"href":"https:\/\/bukovoda.hu\/index.php?rest_route=\/wp\/v2\/pages\/163"}],"wp:featuredmedia":[{"embeddable":true,"href":"https:\/\/bukovoda.hu\/index.php?rest_route=\/wp\/v2\/media\/250"}],"wp:attachment":[{"href":"https:\/\/bukovoda.hu\/index.php?rest_route=%2Fwp%2Fv2%2Fmedia&parent=168"}],"curies":[{"name":"wp","href":"https:\/\/api.w.org\/{rel}","templated":true}]}}