{"id":214,"date":"2024-02-08T14:19:16","date_gmt":"2024-02-08T14:19:16","guid":{"rendered":"https:\/\/bukovoda.hsro.hu\/?page_id=214"},"modified":"2026-04-14T11:11:51","modified_gmt":"2026-04-14T11:11:51","slug":"etlap","status":"publish","type":"page","link":"https:\/\/bukovoda.hu\/?page_id=214","title":{"rendered":"\u00c9tlap"},"content":{"rendered":"\n<p class=\"has-text-align-center has-text-color has-link-color has-larger-font-size wp-elements-ca83cfd529ac0c636d70e0c7d09db6f2\" style=\"color:#cd4340\"><strong>Id\u0151szak: 2026.04.13-2026.04.19<\/strong><\/p>\n\n\n\n<div class=\"wp-block-buttons is-content-justification-center is-layout-flex wp-container-core-buttons-is-layout-1 wp-block-buttons-is-layout-flex\">\n<div class=\"wp-block-button has-custom-width wp-block-button__width-75 has-custom-font-size margin-bottom-30 has-regular-font-size\" id=\"16hetgomb\"><a class=\"wp-block-button__link has-black-color has-yellow-background-color has-text-color has-background has-link-color has-text-align-center wp-element-button\" style=\"border-radius:0px\">\u00c9tlap megnyit\u00e1sa\/elrejt\u00e9se<\/a><\/div>\n<\/div>\n\n\n\n<div id=\"16het\" class=\"wp-block-group hidden-etlap\"><div class=\"wp-block-group__inner-container is-layout-constrained wp-block-group-is-layout-constrained\"><a href=\"https:\/\/bukovoda.hu\/wp-content\/uploads\/2026\/03\/Vendeg-16.-het-04.13-04.19.pdf\" class=\"pdfemb-viewer\" style=\"\" data-width=\"max\" data-height=\"max\" data-toolbar=\"bottom\" data-toolbar-fixed=\"off\">Vendeg-16.-het-04.13-04.19<\/a>\n\n<a href=\"https:\/\/bukovoda.hu\/wp-content\/uploads\/2026\/03\/Tojasmentes-Bolcsode-16.-het-04.13-04.19.pdf\" class=\"pdfemb-viewer\" style=\"\" data-width=\"max\" data-height=\"max\" data-toolbar=\"bottom\" data-toolbar-fixed=\"off\">Tojasmentes-Bolcsode-16.-het-04.13-04.19<\/a>\n\n<a href=\"https:\/\/bukovoda.hu\/wp-content\/uploads\/2026\/03\/Tejmentes-Ovoda-16.-het-04.13-04.19.pdf\" class=\"pdfemb-viewer\" style=\"\" data-width=\"max\" data-height=\"max\" data-toolbar=\"bottom\" data-toolbar-fixed=\"off\">Tejmentes-Ovoda-16.-het-04.13-04.19<\/a>\n\n<a href=\"https:\/\/bukovoda.hu\/wp-content\/uploads\/2026\/03\/Tej-es-Tojasmentes-Ovoda-16.-het-04.13-04.19.pdf\" class=\"pdfemb-viewer\" style=\"\" data-width=\"max\" data-height=\"max\" data-toolbar=\"bottom\" data-toolbar-fixed=\"off\">Tej-es-Tojasmentes-Ovoda-16.-het-04.13-04.19<\/a>\n\n<a href=\"https:\/\/bukovoda.hu\/wp-content\/uploads\/2026\/03\/Ovoda-16.-het-04.13-04.19.pdf\" class=\"pdfemb-viewer\" style=\"\" data-width=\"max\" data-height=\"max\" data-toolbar=\"bottom\" data-toolbar-fixed=\"off\">Ovoda-16.-het-04.13-04.19<\/a>\n\n<a href=\"https:\/\/bukovoda.hu\/wp-content\/uploads\/2026\/03\/Bolcsode-20-ho-felett-16.-het-04.13-04.19.pdf\" class=\"pdfemb-viewer\" style=\"\" data-width=\"max\" data-height=\"max\" data-toolbar=\"bottom\" data-toolbar-fixed=\"off\">Bolcsode-20-ho-felett-16.-het-04.13-04.19<\/a><\/div><\/div>\n\n\n\n<p class=\"has-text-align-center has-text-color has-link-color has-larger-font-size wp-elements-bfa8c9fd527701b2789e0459d3f5afe5\" style=\"color:#cd4340\"><strong>Id\u0151szak: 2026.04.20-2026.04.24<\/strong><\/p>\n\n\n\n<div class=\"wp-block-buttons is-content-justification-center is-layout-flex wp-container-core-buttons-is-layout-2 wp-block-buttons-is-layout-flex\">\n<div class=\"wp-block-button has-custom-width wp-block-button__width-75 has-custom-font-size margin-bottom-30 has-regular-font-size\" id=\"17hetgomb\"><a class=\"wp-block-button__link has-black-color has-yellow-background-color has-text-color has-background has-link-color has-text-align-center wp-element-button\" style=\"border-radius:0px\">\u00c9tlap megnyit\u00e1sa\/elrejt\u00e9se<\/a><\/div>\n<\/div>\n\n\n\n<div id=\"17het\" class=\"wp-block-group hidden-etlap\"><div class=\"wp-block-group__inner-container is-layout-constrained wp-block-group-is-layout-constrained\"><a href=\"https:\/\/bukovoda.hu\/wp-content\/uploads\/2026\/03\/Vendeg-17.-het-04.20-04.24.pdf\" class=\"pdfemb-viewer\" style=\"\" data-width=\"max\" data-height=\"max\" data-toolbar=\"bottom\" data-toolbar-fixed=\"off\">Vendeg-17.-het-04.20-04.24<\/a>\n\n<a href=\"https:\/\/bukovoda.hu\/wp-content\/uploads\/2026\/03\/Tojasmentes-Bolcsode-17.-het-04.20-04.24.pdf\" class=\"pdfemb-viewer\" style=\"\" data-width=\"max\" data-height=\"max\" data-toolbar=\"bottom\" data-toolbar-fixed=\"off\">Tojasmentes-Bolcsode-17.-het-04.20-04.24<\/a>\n\n<a href=\"https:\/\/bukovoda.hu\/wp-content\/uploads\/2026\/03\/Tejmentes-Ovoda-17.-het-04.20-04.24.pdf\" class=\"pdfemb-viewer\" style=\"\" data-width=\"max\" data-height=\"max\" data-toolbar=\"bottom\" data-toolbar-fixed=\"off\">Tejmentes-Ovoda-17.-het-04.20-04.24<\/a>\n\n<a href=\"https:\/\/bukovoda.hu\/wp-content\/uploads\/2026\/03\/Tej-es-tojasmentes-Ovoda-17.-het-04.20-04.24.pdf\" class=\"pdfemb-viewer\" style=\"\" data-width=\"max\" data-height=\"max\" data-toolbar=\"bottom\" data-toolbar-fixed=\"off\">Tej-es-tojasmentes-Ovoda-17.-het-04.20-04.24<\/a>\n\n<a href=\"https:\/\/bukovoda.hu\/wp-content\/uploads\/2026\/03\/Ovoda-17.het-04.20-04.24.pdf\" class=\"pdfemb-viewer\" style=\"\" data-width=\"max\" data-height=\"max\" data-toolbar=\"bottom\" data-toolbar-fixed=\"off\">Ovoda-17.het-04.20-04.24<\/a>\n\n<a href=\"https:\/\/bukovoda.hu\/wp-content\/uploads\/2026\/03\/Bolcsode-20-ho-felett-17.-het-04.20-04.24.pdf\" class=\"pdfemb-viewer\" style=\"\" data-width=\"max\" data-height=\"max\" data-toolbar=\"bottom\" data-toolbar-fixed=\"off\">Bolcsode-20-ho-felett-17.-het-04.20-04.24<\/a><\/div><\/div>\n\n\n\n<script>\n    jQuery(document).ready(function($) {\n        $(\"#16hetgomb\").click(function() {\n            $(\"#16het\").toggleClass(\"hidden-etlap\");\n        });\n        $(\"#17hetgomb\").click(function() {\n            $(\"#17het\").toggleClass(\"hidden-etlap\");\n        });\n    });\n<\/script>\n\n\n\n<p><\/p>\n","protected":false},"excerpt":{"rendered":"<p>Id\u0151szak: 2026.04.13-2026.04.19 Id\u0151szak: 2026.04.20-2026.04.24<\/p>\n","protected":false},"author":1,"featured_media":247,"parent":2,"menu_order":0,"comment_status":"closed","ping_status":"closed","template":"elementor_header_footer","meta":{"ngg_post_thumbnail":0,"footnotes":""},"class_list":["post-214","page","type-page","status-publish","has-post-thumbnail","hentry"],"yoast_head":"<!-- This site is optimized with the Yoast SEO plugin v21.9.1 - https:\/\/yoast.com\/wordpress\/plugins\/seo\/ -->\n<title>\u00c9tlap - Csodaorsz\u00e1g \u00d3voda, B\u00f6lcs\u0151de \u00e9s K\u00f6z\u00e9tkeztet\u00e9st Ell\u00e1t\u00f3 Int\u00e9zm\u00e9ny<\/title>\n<meta name=\"robots\" content=\"index, follow, max-snippet:-1, max-image-preview:large, max-video-preview:-1\" \/>\n<link rel=\"canonical\" href=\"https:\/\/bukovoda.hu\/?page_id=214\" \/>\n<meta property=\"og:locale\" content=\"hu_HU\" \/>\n<meta property=\"og:type\" content=\"article\" \/>\n<meta property=\"og:title\" content=\"\u00c9tlap - Csodaorsz\u00e1g \u00d3voda, B\u00f6lcs\u0151de \u00e9s K\u00f6z\u00e9tkeztet\u00e9st Ell\u00e1t\u00f3 Int\u00e9zm\u00e9ny\" \/>\n<meta property=\"og:description\" content=\"Id\u0151szak: 2026.04.13-2026.04.19 Id\u0151szak: 2026.04.20-2026.04.24\" \/>\n<meta property=\"og:url\" content=\"https:\/\/bukovoda.hu\/?page_id=214\" \/>\n<meta property=\"og:site_name\" content=\"Csodaorsz\u00e1g \u00d3voda, B\u00f6lcs\u0151de \u00e9s K\u00f6z\u00e9tkeztet\u00e9st Ell\u00e1t\u00f3 Int\u00e9zm\u00e9ny\" \/>\n<meta property=\"article:modified_time\" content=\"2026-04-14T11:11:51+00:00\" \/>\n<meta property=\"og:image\" content=\"https:\/\/bukovoda.hu\/wp-content\/uploads\/2024\/02\/Artboard-1-copy-3-100-scaled.jpg\" \/>\n\t<meta property=\"og:image:width\" content=\"2560\" \/>\n\t<meta property=\"og:image:height\" content=\"898\" \/>\n\t<meta property=\"og:image:type\" content=\"image\/jpeg\" \/>\n<meta name=\"twitter:card\" content=\"summary_large_image\" \/>\n<meta name=\"twitter:label1\" content=\"Becs\u00fclt olvas\u00e1si id\u0151\" \/>\n\t<meta name=\"twitter:data1\" content=\"1 perc\" \/>\n<script type=\"application\/ld+json\" class=\"yoast-schema-graph\">{\"@context\":\"https:\/\/schema.org\",\"@graph\":[{\"@type\":\"WebPage\",\"@id\":\"https:\/\/bukovoda.hu\/?page_id=214\",\"url\":\"https:\/\/bukovoda.hu\/?page_id=214\",\"name\":\"\u00c9tlap - Csodaorsz\u00e1g \u00d3voda, B\u00f6lcs\u0151de \u00e9s K\u00f6z\u00e9tkeztet\u00e9st Ell\u00e1t\u00f3 Int\u00e9zm\u00e9ny\",\"isPartOf\":{\"@id\":\"https:\/\/bukovoda.hu\/#website\"},\"datePublished\":\"2024-02-08T14:19:16+00:00\",\"dateModified\":\"2026-04-14T11:11:51+00:00\",\"breadcrumb\":{\"@id\":\"https:\/\/bukovoda.hu\/?page_id=214#breadcrumb\"},\"inLanguage\":\"hu\",\"potentialAction\":[{\"@type\":\"ReadAction\",\"target\":[\"https:\/\/bukovoda.hu\/?page_id=214\"]}]},{\"@type\":\"BreadcrumbList\",\"@id\":\"https:\/\/bukovoda.hu\/?page_id=214#breadcrumb\",\"itemListElement\":[{\"@type\":\"ListItem\",\"position\":1,\"name\":\"Kezd\u0151lap\",\"item\":\"https:\/\/bukovoda.hu\/\"},{\"@type\":\"ListItem\",\"position\":2,\"name\":\"\u00c9tkez\u00e9s\",\"item\":\"https:\/\/bukovoda.hu\/?page_id=2\"},{\"@type\":\"ListItem\",\"position\":3,\"name\":\"\u00c9tlap\"}]},{\"@type\":\"WebSite\",\"@id\":\"https:\/\/bukovoda.hu\/#website\",\"url\":\"https:\/\/bukovoda.hu\/\",\"name\":\"Csodaorsz\u00e1g \u00d3voda, B\u00f6lcs\u0151de \u00e9s K\u00f6z\u00e9tkeztet\u00e9st Ell\u00e1t\u00f3 Int\u00e9zm\u00e9ny\",\"description\":\"\",\"publisher\":{\"@id\":\"https:\/\/bukovoda.hu\/#organization\"},\"potentialAction\":[{\"@type\":\"SearchAction\",\"target\":{\"@type\":\"EntryPoint\",\"urlTemplate\":\"https:\/\/bukovoda.hu\/?s={search_term_string}\"},\"query-input\":\"required name=search_term_string\"}],\"inLanguage\":\"hu\"},{\"@type\":\"Organization\",\"@id\":\"https:\/\/bukovoda.hu\/#organization\",\"name\":\"Csodaorsz\u00e1g \u00d3voda, B\u00f6lcs\u0151de \u00e9s K\u00f6z\u00e9tkeztet\u00e9st Ell\u00e1t\u00f3 Int\u00e9zm\u00e9ny\",\"url\":\"https:\/\/bukovoda.hu\/\",\"logo\":{\"@type\":\"ImageObject\",\"inLanguage\":\"hu\",\"@id\":\"https:\/\/bukovoda.hu\/#\/schema\/logo\/image\/\",\"url\":\"https:\/\/bukovoda.hu\/wp-content\/uploads\/2024\/02\/cropped-cropped-Csodaorszag_ovoda-Logo-4-Color.jpg\",\"contentUrl\":\"https:\/\/bukovoda.hu\/wp-content\/uploads\/2024\/02\/cropped-cropped-Csodaorszag_ovoda-Logo-4-Color.jpg\",\"width\":508,\"height\":239,\"caption\":\"Csodaorsz\u00e1g \u00d3voda, B\u00f6lcs\u0151de \u00e9s K\u00f6z\u00e9tkeztet\u00e9st Ell\u00e1t\u00f3 Int\u00e9zm\u00e9ny\"},\"image\":{\"@id\":\"https:\/\/bukovoda.hu\/#\/schema\/logo\/image\/\"}}]}<\/script>\n<!-- \/ Yoast SEO plugin. -->","yoast_head_json":{"title":"\u00c9tlap - Csodaorsz\u00e1g \u00d3voda, B\u00f6lcs\u0151de \u00e9s K\u00f6z\u00e9tkeztet\u00e9st Ell\u00e1t\u00f3 Int\u00e9zm\u00e9ny","robots":{"index":"index","follow":"follow","max-snippet":"max-snippet:-1","max-image-preview":"max-image-preview:large","max-video-preview":"max-video-preview:-1"},"canonical":"https:\/\/bukovoda.hu\/?page_id=214","og_locale":"hu_HU","og_type":"article","og_title":"\u00c9tlap - Csodaorsz\u00e1g \u00d3voda, B\u00f6lcs\u0151de \u00e9s K\u00f6z\u00e9tkeztet\u00e9st Ell\u00e1t\u00f3 Int\u00e9zm\u00e9ny","og_description":"Id\u0151szak: 2026.04.13-2026.04.19 Id\u0151szak: 2026.04.20-2026.04.24","og_url":"https:\/\/bukovoda.hu\/?page_id=214","og_site_name":"Csodaorsz\u00e1g \u00d3voda, B\u00f6lcs\u0151de \u00e9s K\u00f6z\u00e9tkeztet\u00e9st Ell\u00e1t\u00f3 Int\u00e9zm\u00e9ny","article_modified_time":"2026-04-14T11:11:51+00:00","og_image":[{"width":2560,"height":898,"url":"https:\/\/bukovoda.hu\/wp-content\/uploads\/2024\/02\/Artboard-1-copy-3-100-scaled.jpg","type":"image\/jpeg"}],"twitter_card":"summary_large_image","twitter_misc":{"Becs\u00fclt olvas\u00e1si id\u0151":"1 perc"},"schema":{"@context":"https:\/\/schema.org","@graph":[{"@type":"WebPage","@id":"https:\/\/bukovoda.hu\/?page_id=214","url":"https:\/\/bukovoda.hu\/?page_id=214","name":"\u00c9tlap - Csodaorsz\u00e1g \u00d3voda, B\u00f6lcs\u0151de \u00e9s K\u00f6z\u00e9tkeztet\u00e9st Ell\u00e1t\u00f3 Int\u00e9zm\u00e9ny","isPartOf":{"@id":"https:\/\/bukovoda.hu\/#website"},"datePublished":"2024-02-08T14:19:16+00:00","dateModified":"2026-04-14T11:11:51+00:00","breadcrumb":{"@id":"https:\/\/bukovoda.hu\/?page_id=214#breadcrumb"},"inLanguage":"hu","potentialAction":[{"@type":"ReadAction","target":["https:\/\/bukovoda.hu\/?page_id=214"]}]},{"@type":"BreadcrumbList","@id":"https:\/\/bukovoda.hu\/?page_id=214#breadcrumb","itemListElement":[{"@type":"ListItem","position":1,"name":"Kezd\u0151lap","item":"https:\/\/bukovoda.hu\/"},{"@type":"ListItem","position":2,"name":"\u00c9tkez\u00e9s","item":"https:\/\/bukovoda.hu\/?page_id=2"},{"@type":"ListItem","position":3,"name":"\u00c9tlap"}]},{"@type":"WebSite","@id":"https:\/\/bukovoda.hu\/#website","url":"https:\/\/bukovoda.hu\/","name":"Csodaorsz\u00e1g \u00d3voda, B\u00f6lcs\u0151de \u00e9s K\u00f6z\u00e9tkeztet\u00e9st Ell\u00e1t\u00f3 Int\u00e9zm\u00e9ny","description":"","publisher":{"@id":"https:\/\/bukovoda.hu\/#organization"},"potentialAction":[{"@type":"SearchAction","target":{"@type":"EntryPoint","urlTemplate":"https:\/\/bukovoda.hu\/?s={search_term_string}"},"query-input":"required name=search_term_string"}],"inLanguage":"hu"},{"@type":"Organization","@id":"https:\/\/bukovoda.hu\/#organization","name":"Csodaorsz\u00e1g \u00d3voda, B\u00f6lcs\u0151de \u00e9s K\u00f6z\u00e9tkeztet\u00e9st Ell\u00e1t\u00f3 Int\u00e9zm\u00e9ny","url":"https:\/\/bukovoda.hu\/","logo":{"@type":"ImageObject","inLanguage":"hu","@id":"https:\/\/bukovoda.hu\/#\/schema\/logo\/image\/","url":"https:\/\/bukovoda.hu\/wp-content\/uploads\/2024\/02\/cropped-cropped-Csodaorszag_ovoda-Logo-4-Color.jpg","contentUrl":"https:\/\/bukovoda.hu\/wp-content\/uploads\/2024\/02\/cropped-cropped-Csodaorszag_ovoda-Logo-4-Color.jpg","width":508,"height":239,"caption":"Csodaorsz\u00e1g \u00d3voda, B\u00f6lcs\u0151de \u00e9s K\u00f6z\u00e9tkeztet\u00e9st Ell\u00e1t\u00f3 Int\u00e9zm\u00e9ny"},"image":{"@id":"https:\/\/bukovoda.hu\/#\/schema\/logo\/image\/"}}]}},"blog_post_layout_featured_media_urls":{"thumbnail":["https:\/\/bukovoda.hu\/wp-content\/uploads\/2024\/02\/Artboard-1-copy-3-100-150x150.jpg",150,150,true],"full":["https:\/\/bukovoda.hu\/wp-content\/uploads\/2024\/02\/Artboard-1-copy-3-100-scaled.jpg",2560,898,false]},"categories_names":null,"comments_number":"0","_links":{"self":[{"href":"https:\/\/bukovoda.hu\/index.php?rest_route=\/wp\/v2\/pages\/214"}],"collection":[{"href":"https:\/\/bukovoda.hu\/index.php?rest_route=\/wp\/v2\/pages"}],"about":[{"href":"https:\/\/bukovoda.hu\/index.php?rest_route=\/wp\/v2\/types\/page"}],"author":[{"embeddable":true,"href":"https:\/\/bukovoda.hu\/index.php?rest_route=\/wp\/v2\/users\/1"}],"replies":[{"embeddable":true,"href":"https:\/\/bukovoda.hu\/index.php?rest_route=%2Fwp%2Fv2%2Fcomments&post=214"}],"version-history":[{"count":198,"href":"https:\/\/bukovoda.hu\/index.php?rest_route=\/wp\/v2\/pages\/214\/revisions"}],"predecessor-version":[{"id":2009,"href":"https:\/\/bukovoda.hu\/index.php?rest_route=\/wp\/v2\/pages\/214\/revisions\/2009"}],"up":[{"embeddable":true,"href":"https:\/\/bukovoda.hu\/index.php?rest_route=\/wp\/v2\/pages\/2"}],"wp:featuredmedia":[{"embeddable":true,"href":"https:\/\/bukovoda.hu\/index.php?rest_route=\/wp\/v2\/media\/247"}],"wp:attachment":[{"href":"https:\/\/bukovoda.hu\/index.php?rest_route=%2Fwp%2Fv2%2Fmedia&parent=214"}],"curies":[{"name":"wp","href":"https:\/\/api.w.org\/{rel}","templated":true}]}}