{"id":388,"date":"2024-05-07T06:57:01","date_gmt":"2024-05-07T06:57:01","guid":{"rendered":"https:\/\/bukovoda.hsro.hu\/?page_id=388"},"modified":"2024-08-28T09:36:46","modified_gmt":"2024-08-28T09:36:46","slug":"altalanos-informacio","status":"publish","type":"page","link":"https:\/\/bukovoda.hu\/?page_id=388","title":{"rendered":"\u00c1ltal\u00e1nos inform\u00e1ci\u00f3"},"content":{"rendered":"\n<blockquote class=\"wp-block-quote has-text-align-right is-style-plain padding-10 is-layout-flow wp-block-quote-is-layout-flow\">\n<p class=\"has-text-align-left margin-0\"><em>&nbsp;\u201eAz ember nem gondolkodhat, nem szerethet, nem alhat j\u00f3l, ha nem evett j\u00f3l.\u201d<\/em><\/p>\n<cite>Virginia Wolf<\/cite><\/blockquote>\n\n\n\n<p class=\"justify-text has-black-color has-text-color has-link-color wp-elements-67def21b5803404e1cee2cc729609057\">A fent le\u00edrt id\u00e9zet megval\u00f3s\u00edt\u00e1sa \u00e9rdek\u00e9ben feladatunk az \u00e9tkez\u00e9s sz\u00ednvonalas \u00e9s szakszer\u0171 ell\u00e1t\u00e1sa. A gyermek\u00e9tkeztet\u00e9s est\u00e9n k\u00fcl\u00f6n\u00f6sen nagy figyelmet&nbsp; kell ford\u00edtanunk az eg\u00e9szs\u00e9ges \u00e9tkez\u00e9sre, hiszen a helyes t\u00e1pl\u00e1lkoz\u00e1s magatart\u00e1s kialak\u00edt\u00e1sa a c\u00e9l, mivel a k\u00e9s\u0151bbi betegs\u00e9gek kialakul\u00e1sa szoros \u00f6sszef\u00fcgg\u00e9sben van a gyermekkori t\u00e1pl\u00e1lkoz\u00e1ssal.<\/p>\n\n\n\n<p class=\"justify-text has-black-color has-text-color has-link-color wp-elements-475a987b1d227e4110f9b48e863abd69\">Az \u00e9tlapokat el\u0151re elk\u00e9sz\u00edti 2018. szeptembert\u0151l a megb\u00edzott dietetikus \u00e9s az \u00e9lelmez\u00e9svezet\u0151k. Az \u00d3vod\u00e1ban, B\u00f6lcs\u0151d\u00e9ben a szakorvos \u00e1ltal igazolt di\u00e9t\u00e1s \u00e9tkez\u00e9st ig\u00e9nyl\u0151 gyermekek sz\u00e1m\u00e1ra az \u00e1llapot\u00e1nak megfelel\u0151 di\u00e9t\u00e1s \u00e9trendet biztos\u00edt az int\u00e9zm\u00e9ny.<\/p>\n\n\n\n<p class=\"justify-text has-black-color has-text-color has-link-color wp-elements-92231daa8367f34abe1e14f796593dac\">Az \u00e9trendet az \u00e9tkez\u00e9sben r\u00e9sztvev\u0151k \u00f6sszet\u00e9tel\u00e9nek \u00e9s \u00e9letkor\u00e1nak megfelel\u0151 t\u00e1pl\u00e1lkoz\u00e1s- \u00e9lettani sz\u00fcks\u00e9glet\u00e9hez igaz\u00edtjuk, hogy k\u00f6zben \u00e9rv\u00e9nyes\u00edtj\u00fck a v\u00e1ltozatoss\u00e1g, az id\u00e9nyszer\u0171s\u00e9g \u00e9s a t\u00e1panyagsz\u00fcks\u00e9glet k\u00f6vetelm\u00e9nyeit.<\/p>\n\n\n\n<p class=\"justify-text has-black-color has-text-color has-link-color wp-elements-aba08761cc4af5a88f5f6bd6da5412d1\">Igyeksz\u00fcnk figyelembe venni az objekt\u00edv ig\u00e9nyek mellett ( adott koroszt\u00e1ly t\u00e1pl\u00e1lkoz\u00e1si \u00e9lettani k\u00f6r\u00fclm\u00e9nyei, EMMI rendelet) mellett olyan szubjekt\u00edv ig\u00e9nyeket is, mint p\u00e9ld\u00e1ul a t\u00e1jjelleg, \u00edzek \u00e9s sz\u00ednvil\u00e1g, szezonalit\u00e1s, \u00fcnnepek, illetve t\u00f6reksz\u00fcnk az eg\u00e9szs\u00e9ges , korszer\u0171 t\u00e1pl\u00e1lkoz\u00e1si szok\u00e1sok kialak\u00edt\u00e1s\u00e1ra \u00e9s a kultur\u00e1lt \u00e9tkez\u00e9s biztos\u00edt\u00e1s\u00e1ra.<\/p>\n\n\n\n<p class=\"has-text-align-left has-black-color has-text-color has-link-color wp-elements-b8acf4aaa10c936b5de583142c6fbd71\">\u00c9lelmez\u00e9svezet\u0151:<br>&#8211; Nagy L\u00e1szl\u00f3n\u00e9<br>&#8211; Dienes Eszter<\/p>\n\n\n\n<p class=\"has-text-align-left has-black-color has-text-color has-link-color wp-elements-4784949ba73947983a99de2bcf0e8385\">Diatetikus:<br>&#8211; Kov\u00e1cs-Tam\u00e1si T\u00edmea<\/p>\n\n\n\n<p class=\"has-text-align-left has-black-color has-text-color has-link-color wp-elements-1fb024a5374e889dc4f812a26c015dee\">El\u00e9rhet\u0151s\u00e9g:&nbsp;06 94\/558- 619<\/p>\n","protected":false},"excerpt":{"rendered":"<p>&nbsp;\u201eAz ember nem gondolkodhat, nem szerethet, nem alhat j\u00f3l, ha nem evett j\u00f3l.\u201d Virginia Wolf A fent le\u00edrt id\u00e9zet megval\u00f3s\u00edt\u00e1sa \u00e9rdek\u00e9ben feladatunk az \u00e9tkez\u00e9s sz\u00ednvonalas \u00e9s szakszer\u0171 ell\u00e1t\u00e1sa. A gyermek\u00e9tkeztet\u00e9s est\u00e9n k\u00fcl\u00f6n\u00f6sen nagy figyelmet&nbsp; kell ford\u00edtanunk az eg\u00e9szs\u00e9ges \u00e9tkez\u00e9sre, hiszen [&hellip;]<\/p>\n","protected":false},"author":1,"featured_media":223,"parent":2,"menu_order":0,"comment_status":"closed","ping_status":"closed","template":"","meta":{"ngg_post_thumbnail":0,"footnotes":""},"class_list":["post-388","page","type-page","status-publish","has-post-thumbnail","hentry"],"yoast_head":"<!-- This site is optimized with the Yoast SEO plugin v21.9.1 - https:\/\/yoast.com\/wordpress\/plugins\/seo\/ -->\n<title>\u00c1ltal\u00e1nos inform\u00e1ci\u00f3 - Csodaorsz\u00e1g \u00d3voda, B\u00f6lcs\u0151de \u00e9s K\u00f6z\u00e9tkeztet\u00e9st Ell\u00e1t\u00f3 Int\u00e9zm\u00e9ny<\/title>\n<meta name=\"robots\" content=\"index, follow, max-snippet:-1, max-image-preview:large, max-video-preview:-1\" \/>\n<link rel=\"canonical\" href=\"https:\/\/bukovoda.hu\/?page_id=388\" \/>\n<meta property=\"og:locale\" content=\"hu_HU\" \/>\n<meta property=\"og:type\" content=\"article\" \/>\n<meta property=\"og:title\" content=\"\u00c1ltal\u00e1nos inform\u00e1ci\u00f3 - Csodaorsz\u00e1g \u00d3voda, B\u00f6lcs\u0151de \u00e9s K\u00f6z\u00e9tkeztet\u00e9st Ell\u00e1t\u00f3 Int\u00e9zm\u00e9ny\" \/>\n<meta property=\"og:description\" content=\"&nbsp;\u201eAz ember nem gondolkodhat, nem szerethet, nem alhat j\u00f3l, ha nem evett j\u00f3l.\u201d Virginia Wolf A fent le\u00edrt id\u00e9zet megval\u00f3s\u00edt\u00e1sa \u00e9rdek\u00e9ben feladatunk az \u00e9tkez\u00e9s sz\u00ednvonalas \u00e9s szakszer\u0171 ell\u00e1t\u00e1sa. A gyermek\u00e9tkeztet\u00e9s est\u00e9n k\u00fcl\u00f6n\u00f6sen nagy figyelmet&nbsp; kell ford\u00edtanunk az eg\u00e9szs\u00e9ges \u00e9tkez\u00e9sre, hiszen [&hellip;]\" \/>\n<meta property=\"og:url\" content=\"https:\/\/bukovoda.hu\/?page_id=388\" \/>\n<meta property=\"og:site_name\" content=\"Csodaorsz\u00e1g \u00d3voda, B\u00f6lcs\u0151de \u00e9s K\u00f6z\u00e9tkeztet\u00e9st Ell\u00e1t\u00f3 Int\u00e9zm\u00e9ny\" \/>\n<meta property=\"article:modified_time\" content=\"2024-08-28T09:36:46+00:00\" \/>\n<meta property=\"og:image\" content=\"https:\/\/bukovoda.hu\/wp-content\/uploads\/2024\/02\/headersetk-scaled.jpg\" \/>\n\t<meta property=\"og:image:width\" content=\"2560\" \/>\n\t<meta property=\"og:image:height\" content=\"898\" \/>\n\t<meta property=\"og:image:type\" content=\"image\/jpeg\" \/>\n<meta name=\"twitter:card\" content=\"summary_large_image\" \/>\n<meta name=\"twitter:label1\" content=\"Becs\u00fclt olvas\u00e1si id\u0151\" \/>\n\t<meta name=\"twitter:data1\" content=\"2 perc\" \/>\n<script type=\"application\/ld+json\" class=\"yoast-schema-graph\">{\"@context\":\"https:\/\/schema.org\",\"@graph\":[{\"@type\":\"WebPage\",\"@id\":\"https:\/\/bukovoda.hu\/?page_id=388\",\"url\":\"https:\/\/bukovoda.hu\/?page_id=388\",\"name\":\"\u00c1ltal\u00e1nos inform\u00e1ci\u00f3 - Csodaorsz\u00e1g \u00d3voda, B\u00f6lcs\u0151de \u00e9s K\u00f6z\u00e9tkeztet\u00e9st Ell\u00e1t\u00f3 Int\u00e9zm\u00e9ny\",\"isPartOf\":{\"@id\":\"https:\/\/bukovoda.hu\/#website\"},\"datePublished\":\"2024-05-07T06:57:01+00:00\",\"dateModified\":\"2024-08-28T09:36:46+00:00\",\"breadcrumb\":{\"@id\":\"https:\/\/bukovoda.hu\/?page_id=388#breadcrumb\"},\"inLanguage\":\"hu\",\"potentialAction\":[{\"@type\":\"ReadAction\",\"target\":[\"https:\/\/bukovoda.hu\/?page_id=388\"]}]},{\"@type\":\"BreadcrumbList\",\"@id\":\"https:\/\/bukovoda.hu\/?page_id=388#breadcrumb\",\"itemListElement\":[{\"@type\":\"ListItem\",\"position\":1,\"name\":\"Kezd\u0151lap\",\"item\":\"https:\/\/bukovoda.hu\/\"},{\"@type\":\"ListItem\",\"position\":2,\"name\":\"\u00c9tkez\u00e9s\",\"item\":\"https:\/\/bukovoda.hu\/?page_id=2\"},{\"@type\":\"ListItem\",\"position\":3,\"name\":\"\u00c1ltal\u00e1nos inform\u00e1ci\u00f3\"}]},{\"@type\":\"WebSite\",\"@id\":\"https:\/\/bukovoda.hu\/#website\",\"url\":\"https:\/\/bukovoda.hu\/\",\"name\":\"Csodaorsz\u00e1g \u00d3voda, B\u00f6lcs\u0151de \u00e9s K\u00f6z\u00e9tkeztet\u00e9st Ell\u00e1t\u00f3 Int\u00e9zm\u00e9ny\",\"description\":\"\",\"publisher\":{\"@id\":\"https:\/\/bukovoda.hu\/#organization\"},\"potentialAction\":[{\"@type\":\"SearchAction\",\"target\":{\"@type\":\"EntryPoint\",\"urlTemplate\":\"https:\/\/bukovoda.hu\/?s={search_term_string}\"},\"query-input\":\"required name=search_term_string\"}],\"inLanguage\":\"hu\"},{\"@type\":\"Organization\",\"@id\":\"https:\/\/bukovoda.hu\/#organization\",\"name\":\"Csodaorsz\u00e1g \u00d3voda, B\u00f6lcs\u0151de \u00e9s K\u00f6z\u00e9tkeztet\u00e9st Ell\u00e1t\u00f3 Int\u00e9zm\u00e9ny\",\"url\":\"https:\/\/bukovoda.hu\/\",\"logo\":{\"@type\":\"ImageObject\",\"inLanguage\":\"hu\",\"@id\":\"https:\/\/bukovoda.hu\/#\/schema\/logo\/image\/\",\"url\":\"https:\/\/bukovoda.hu\/wp-content\/uploads\/2024\/02\/cropped-cropped-Csodaorszag_ovoda-Logo-4-Color.jpg\",\"contentUrl\":\"https:\/\/bukovoda.hu\/wp-content\/uploads\/2024\/02\/cropped-cropped-Csodaorszag_ovoda-Logo-4-Color.jpg\",\"width\":508,\"height\":239,\"caption\":\"Csodaorsz\u00e1g \u00d3voda, B\u00f6lcs\u0151de \u00e9s K\u00f6z\u00e9tkeztet\u00e9st Ell\u00e1t\u00f3 Int\u00e9zm\u00e9ny\"},\"image\":{\"@id\":\"https:\/\/bukovoda.hu\/#\/schema\/logo\/image\/\"}}]}<\/script>\n<!-- \/ Yoast SEO plugin. -->","yoast_head_json":{"title":"\u00c1ltal\u00e1nos inform\u00e1ci\u00f3 - Csodaorsz\u00e1g \u00d3voda, B\u00f6lcs\u0151de \u00e9s K\u00f6z\u00e9tkeztet\u00e9st Ell\u00e1t\u00f3 Int\u00e9zm\u00e9ny","robots":{"index":"index","follow":"follow","max-snippet":"max-snippet:-1","max-image-preview":"max-image-preview:large","max-video-preview":"max-video-preview:-1"},"canonical":"https:\/\/bukovoda.hu\/?page_id=388","og_locale":"hu_HU","og_type":"article","og_title":"\u00c1ltal\u00e1nos inform\u00e1ci\u00f3 - Csodaorsz\u00e1g \u00d3voda, B\u00f6lcs\u0151de \u00e9s K\u00f6z\u00e9tkeztet\u00e9st Ell\u00e1t\u00f3 Int\u00e9zm\u00e9ny","og_description":"&nbsp;\u201eAz ember nem gondolkodhat, nem szerethet, nem alhat j\u00f3l, ha nem evett j\u00f3l.\u201d Virginia Wolf A fent le\u00edrt id\u00e9zet megval\u00f3s\u00edt\u00e1sa \u00e9rdek\u00e9ben feladatunk az \u00e9tkez\u00e9s sz\u00ednvonalas \u00e9s szakszer\u0171 ell\u00e1t\u00e1sa. A gyermek\u00e9tkeztet\u00e9s est\u00e9n k\u00fcl\u00f6n\u00f6sen nagy figyelmet&nbsp; kell ford\u00edtanunk az eg\u00e9szs\u00e9ges \u00e9tkez\u00e9sre, hiszen [&hellip;]","og_url":"https:\/\/bukovoda.hu\/?page_id=388","og_site_name":"Csodaorsz\u00e1g \u00d3voda, B\u00f6lcs\u0151de \u00e9s K\u00f6z\u00e9tkeztet\u00e9st Ell\u00e1t\u00f3 Int\u00e9zm\u00e9ny","article_modified_time":"2024-08-28T09:36:46+00:00","og_image":[{"width":2560,"height":898,"url":"https:\/\/bukovoda.hu\/wp-content\/uploads\/2024\/02\/headersetk-scaled.jpg","type":"image\/jpeg"}],"twitter_card":"summary_large_image","twitter_misc":{"Becs\u00fclt olvas\u00e1si id\u0151":"2 perc"},"schema":{"@context":"https:\/\/schema.org","@graph":[{"@type":"WebPage","@id":"https:\/\/bukovoda.hu\/?page_id=388","url":"https:\/\/bukovoda.hu\/?page_id=388","name":"\u00c1ltal\u00e1nos inform\u00e1ci\u00f3 - Csodaorsz\u00e1g \u00d3voda, B\u00f6lcs\u0151de \u00e9s K\u00f6z\u00e9tkeztet\u00e9st Ell\u00e1t\u00f3 Int\u00e9zm\u00e9ny","isPartOf":{"@id":"https:\/\/bukovoda.hu\/#website"},"datePublished":"2024-05-07T06:57:01+00:00","dateModified":"2024-08-28T09:36:46+00:00","breadcrumb":{"@id":"https:\/\/bukovoda.hu\/?page_id=388#breadcrumb"},"inLanguage":"hu","potentialAction":[{"@type":"ReadAction","target":["https:\/\/bukovoda.hu\/?page_id=388"]}]},{"@type":"BreadcrumbList","@id":"https:\/\/bukovoda.hu\/?page_id=388#breadcrumb","itemListElement":[{"@type":"ListItem","position":1,"name":"Kezd\u0151lap","item":"https:\/\/bukovoda.hu\/"},{"@type":"ListItem","position":2,"name":"\u00c9tkez\u00e9s","item":"https:\/\/bukovoda.hu\/?page_id=2"},{"@type":"ListItem","position":3,"name":"\u00c1ltal\u00e1nos inform\u00e1ci\u00f3"}]},{"@type":"WebSite","@id":"https:\/\/bukovoda.hu\/#website","url":"https:\/\/bukovoda.hu\/","name":"Csodaorsz\u00e1g \u00d3voda, B\u00f6lcs\u0151de \u00e9s K\u00f6z\u00e9tkeztet\u00e9st Ell\u00e1t\u00f3 Int\u00e9zm\u00e9ny","description":"","publisher":{"@id":"https:\/\/bukovoda.hu\/#organization"},"potentialAction":[{"@type":"SearchAction","target":{"@type":"EntryPoint","urlTemplate":"https:\/\/bukovoda.hu\/?s={search_term_string}"},"query-input":"required name=search_term_string"}],"inLanguage":"hu"},{"@type":"Organization","@id":"https:\/\/bukovoda.hu\/#organization","name":"Csodaorsz\u00e1g \u00d3voda, B\u00f6lcs\u0151de \u00e9s K\u00f6z\u00e9tkeztet\u00e9st Ell\u00e1t\u00f3 Int\u00e9zm\u00e9ny","url":"https:\/\/bukovoda.hu\/","logo":{"@type":"ImageObject","inLanguage":"hu","@id":"https:\/\/bukovoda.hu\/#\/schema\/logo\/image\/","url":"https:\/\/bukovoda.hu\/wp-content\/uploads\/2024\/02\/cropped-cropped-Csodaorszag_ovoda-Logo-4-Color.jpg","contentUrl":"https:\/\/bukovoda.hu\/wp-content\/uploads\/2024\/02\/cropped-cropped-Csodaorszag_ovoda-Logo-4-Color.jpg","width":508,"height":239,"caption":"Csodaorsz\u00e1g \u00d3voda, B\u00f6lcs\u0151de \u00e9s K\u00f6z\u00e9tkeztet\u00e9st Ell\u00e1t\u00f3 Int\u00e9zm\u00e9ny"},"image":{"@id":"https:\/\/bukovoda.hu\/#\/schema\/logo\/image\/"}}]}},"blog_post_layout_featured_media_urls":{"thumbnail":["https:\/\/bukovoda.hu\/wp-content\/uploads\/2024\/02\/headersetk-150x150.jpg",150,150,true],"full":["https:\/\/bukovoda.hu\/wp-content\/uploads\/2024\/02\/headersetk-scaled.jpg",2560,898,false]},"categories_names":null,"comments_number":"0","_links":{"self":[{"href":"https:\/\/bukovoda.hu\/index.php?rest_route=\/wp\/v2\/pages\/388"}],"collection":[{"href":"https:\/\/bukovoda.hu\/index.php?rest_route=\/wp\/v2\/pages"}],"about":[{"href":"https:\/\/bukovoda.hu\/index.php?rest_route=\/wp\/v2\/types\/page"}],"author":[{"embeddable":true,"href":"https:\/\/bukovoda.hu\/index.php?rest_route=\/wp\/v2\/users\/1"}],"replies":[{"embeddable":true,"href":"https:\/\/bukovoda.hu\/index.php?rest_route=%2Fwp%2Fv2%2Fcomments&post=388"}],"version-history":[{"count":15,"href":"https:\/\/bukovoda.hu\/index.php?rest_route=\/wp\/v2\/pages\/388\/revisions"}],"predecessor-version":[{"id":695,"href":"https:\/\/bukovoda.hu\/index.php?rest_route=\/wp\/v2\/pages\/388\/revisions\/695"}],"up":[{"embeddable":true,"href":"https:\/\/bukovoda.hu\/index.php?rest_route=\/wp\/v2\/pages\/2"}],"wp:featuredmedia":[{"embeddable":true,"href":"https:\/\/bukovoda.hu\/index.php?rest_route=\/wp\/v2\/media\/223"}],"wp:attachment":[{"href":"https:\/\/bukovoda.hu\/index.php?rest_route=%2Fwp%2Fv2%2Fmedia&parent=388"}],"curies":[{"name":"wp","href":"https:\/\/api.w.org\/{rel}","templated":true}]}}