{"id":435,"date":"2024-05-07T11:47:34","date_gmt":"2024-05-07T11:47:34","guid":{"rendered":"https:\/\/bukovoda.hsro.hu\/?page_id=435"},"modified":"2024-05-08T13:55:59","modified_gmt":"2024-05-08T13:55:59","slug":"megrendeles-lemondas","status":"publish","type":"page","link":"https:\/\/bukovoda.hu\/?page_id=435","title":{"rendered":"Megrendel\u00e9s\/lemond\u00e1s"},"content":{"rendered":"\n<p class=\"has-text-align-left has-black-color has-text-color has-link-color wp-elements-08477ab55685bc84b31f231b588ccba8\"><strong>\u00c9tkez\u00e9s megrendel\u00e9se, ig\u00e9nybejelent\u00e9s, adatm\u00f3dos\u00edt\u00e1sa<\/strong><\/p>\n\n\n\n<p class=\"has-text-align-left justify-text has-black-color has-text-color has-link-color wp-elements-a20db795336962560ec895d772b4547a\">A sz\u00fcl\u0151k\/t\u00f6rv\u00e9nyes gondvisel\u0151k nyilatkozata alapj\u00e1n t\u00f6rt\u00e9nik az \u00e9tkez\u00e9s megrendel\u00e9se. Az ig\u00e9nybejelent\u0151 nyomtatv\u00e1nyok b\u00f6lcs\u0151d\u00e9s \u00e9s \u00f3vod\u00e1s kor\u00fa gyermekek eset\u00e9n els\u0151 alkalommal a beiratkoz\u00e1skor \u00e1tad\u00e1sra ker\u00fclnek a sz\u00fcl\u0151k\/ t\u00f6rv\u00e9nyes gondvisel\u0151k sz\u00e1m\u00e1ra, majd ezut\u00e1n v\u00e1ltoz\u00e1s eset\u00e9n m\u00f3dos\u00edt\u00e1sra ker\u00fclnek.<\/p>\n\n\n\n<p class=\"has-text-align-left justify-text has-black-color has-text-color has-link-color wp-elements-2f6b2fb81c916d6c87be9aa5284fc9b0\">Az ig\u00e9nybejelent\u0151 lapot a gyermek\/tanul\u00f3 eset\u00e9n gondvisel\u0151je t\u00f6lti ki \u00e9s adja le az int\u00e9zm\u00e9nyvezet\u0151nek\/ \u00e9lelmez\u00e9svezet\u0151nek. Az ig\u00e9nybejelent\u0151 al\u00e1\u00edr\u00e1s\u00e1val hozz\u00e1j\u00e1rul a nyomtatv\u00e1nyon k\u00f6z\u00f6lt adatok kezel\u00e9s\u00e9hez. Az adatkezel\u00e9s c\u00e9lja a t\u00f6rv\u00e9nyi felt\u00e9telek biztos\u00edt\u00e1sa, \u00e9s a v\u00e1llalt fizet\u00e9si k\u00f6telezetts\u00e9g teljes\u00edt\u00e9se. Az adatokban t\u00f6rt\u00e9n\u0151 v\u00e1ltoz\u00e1st az ell\u00e1t\u00e1st ig\u00e9nyl\u0151\/gondvisel\u0151 k\u00f6teles bejelenteni az int\u00e9zm\u00e9nyvezet\u0151n\u00e9l\/ \u00e9lelmez\u00e9svezet\u0151n\u00e9l. A nevel\u00e9si \/tan\u00edt\u00e1si \u00e9v minden v\u00e1ltoz\u00e1s\u00e1t \u00edr\u00e1sban kell jelezni.A di\u00e9t\u00e1s \u00e9tkez\u00e9s&nbsp; ig\u00e9ny\u00e9t \u00edr\u00e1sban kell ig\u00e9nyelni, melyhez <strong>szakorvosi igazol\u00e1s sz\u00fcks\u00e9ges<\/strong>, mely tartalmazza a di\u00e9ta t\u00edpus\u00e1nak pontos meghat\u00e1roz\u00e1s\u00e1t, az \u00e9rz\u00e9kenys\u00e9get kiv\u00e1lt\u00f3 anyagokat.<\/p>\n\n\n\n<p class=\"has-text-align-left justify-text has-black-color has-text-color has-link-color wp-elements-9dfda7e73ad51acc31fb9939095ce40c\"><strong>Vend\u00e9g \u00e9tkeztet\u00e9s<\/strong> eset\u00e9n nyomtatv\u00e1ny kit\u00f6lt\u00e9s\u00e9t k\u00f6vet\u0151 napon ig\u00e9nybe veheti a szolg\u00e1ltat\u00e1st.<\/p>\n\n\n\n<p class=\"has-text-align-left has-black-color has-text-color has-link-color wp-elements-d5abfc4625cc3b24c711a44de6c3f6fa\"><strong>Lemond\u00e1s, hi\u00e1nyz\u00e1s bejelent\u00e9se<\/strong><\/p>\n\n\n\n<p class=\"has-text-align-left justify-text has-black-color has-text-color has-link-color wp-elements-49b000114cf4c53f71cb124e4477c220\">Ha az \u00e9tkez\u00e9st \u2013 t\u00e1voll\u00e9t , betegs\u00e9g egy\u00e9b ok miatt- a jogosult nem k\u00edv\u00e1nja ig\u00e9nybe venni, akkor ezt k\u00f6teles jelenteni az int\u00e9zm\u00e9ny vezet\u0151j\u00e9n\u00e9l, vagy az \u00e9lelmez\u00e9svezet\u0151n\u00e9l. Bejelent\u00e9sn\u00e9l ismertetni kell a t\u00e1volmarad\u00e1st \u00e9s annak v\u00e1rhat\u00f3 tartalm\u00e1t, valamint a t\u00e1volmarad\u00e1sra okot ad\u00f3 k\u00f6r\u00fclm\u00e9ny megsz\u0171n\u00e9s\u00e9t illetve azt, hogy mikor veszi ig\u00e9nybe \u00fajb\u00f3l az \u00e9tkeztet\u00e9st.<\/p>\n\n\n\n<p class=\"has-text-align-left justify-text has-black-color has-text-color has-link-color wp-elements-692da99b72b2525e4b661f7154deaeb7\">A gyermek\/tanul\u00f3k \/vend\u00e9g\u00e9tkez\u0151k az \u00e9tkez\u00e9st megel\u0151z\u0151 nap 13 \u00f3r\u00e1ig telefonon (0694 558-619; 0694558- 456 ) vagy szem\u00e9lyesen&nbsp; az \u00e9lelmez\u00e9svezet\u0151kn\u00e9l mondhatj\u00e1k le .<\/p>\n\n\n\n<p class=\"has-text-align-left justify-text has-black-color has-text-color has-link-color wp-elements-956f2c34a3b740cc1e598bd85bd9ab51\">A bejelent\u00e9st k\u00f6vet\u0151 napt\u00f3l mentes\u00fcl a gyermek\/tanul\u00f3\/ feln\u0151tt a t\u00e9r\u00edt\u00e9si d\u00edj fizet\u00e9se al\u00f3l.<\/p>\n\n\n\n<p class=\"has-text-align-left justify-text has-black-color has-text-color has-link-color wp-elements-cf24cf0da728545b792ff1f406ed8b95\">Az int\u00e9zm\u00e9ny lehet\u0151s\u00e9get biztos\u00edt a le nem mondhat\u00f3 \u00e9tkez\u00e9sek eset\u00e9ben az \u00e9tel \u00e9telhord\u00f3ban t\u00f6rt\u00e9n\u0151&nbsp; elvitelre az iskolai konyh\u00e1r\u00f3l a hi\u00e1nyz\u00e1s els\u0151 napj\u00e1n. (Az \u00e9telhord\u00f3sok kiszolg\u00e1l\u00e1sa: mindennap 11:30-13:00-ig tart.)<\/p>\n\n\n\n<p class=\"has-text-align-left justify-text has-black-color has-text-color has-link-color wp-elements-619d2884ca1592c1d5791b26a42b07d0\">Abban az esetben, ha az ell\u00e1t\u00e1st ig\u00e9nyl\u0151 vagy kiskor\u00fa eset\u00e9n a sz\u00fcl\u0151 ( t\u00f6rv\u00e9nyes k\u00e9pvisel\u0151) nem jelentette a hi\u00e1nyz\u00e1st visszamen\u0151leg&nbsp; r\u00f6gz\u00edt\u00e9sre lehet\u0151s\u00e9g nincs. A hi\u00e1nyz\u00e1s\/ lemond\u00e1s bejelent\u00e9se az ell\u00e1t\u00e1st ig\u00e9nyl\u0151 felel\u0151ss\u00e9ge.<\/p>\n\n\n\n<p class=\"has-text-align-left justify-text has-black-color has-text-color has-link-color wp-elements-d80dc9e8c71621963b552c65f82afd66\">Ha az ell\u00e1t\u00e1st ig\u00e9nyl\u0151 v\u00e9glegesen szeretn\u00e9 lemondani az \u00e9tkez\u00e9st , akkor \u00edr\u00e1sos dokumentum sz\u00fcks\u00e9ges.<\/p>\n","protected":false},"excerpt":{"rendered":"<p>\u00c9tkez\u00e9s megrendel\u00e9se, ig\u00e9nybejelent\u00e9s, adatm\u00f3dos\u00edt\u00e1sa A sz\u00fcl\u0151k\/t\u00f6rv\u00e9nyes gondvisel\u0151k nyilatkozata alapj\u00e1n t\u00f6rt\u00e9nik az \u00e9tkez\u00e9s megrendel\u00e9se. Az ig\u00e9nybejelent\u0151 nyomtatv\u00e1nyok b\u00f6lcs\u0151d\u00e9s \u00e9s \u00f3vod\u00e1s kor\u00fa gyermekek eset\u00e9n els\u0151 alkalommal a beiratkoz\u00e1skor \u00e1tad\u00e1sra ker\u00fclnek a sz\u00fcl\u0151k\/ t\u00f6rv\u00e9nyes gondvisel\u0151k sz\u00e1m\u00e1ra, majd ezut\u00e1n v\u00e1ltoz\u00e1s eset\u00e9n m\u00f3dos\u00edt\u00e1sra ker\u00fclnek. Az [&hellip;]<\/p>\n","protected":false},"author":1,"featured_media":247,"parent":2,"menu_order":0,"comment_status":"closed","ping_status":"closed","template":"","meta":{"ngg_post_thumbnail":0,"footnotes":""},"class_list":["post-435","page","type-page","status-publish","has-post-thumbnail","hentry"],"yoast_head":"<!-- This site is optimized with the Yoast SEO plugin v21.9.1 - https:\/\/yoast.com\/wordpress\/plugins\/seo\/ -->\n<title>Megrendel\u00e9s\/lemond\u00e1s - Csodaorsz\u00e1g \u00d3voda, B\u00f6lcs\u0151de \u00e9s K\u00f6z\u00e9tkeztet\u00e9st Ell\u00e1t\u00f3 Int\u00e9zm\u00e9ny<\/title>\n<meta name=\"robots\" content=\"index, follow, max-snippet:-1, max-image-preview:large, max-video-preview:-1\" \/>\n<link rel=\"canonical\" href=\"https:\/\/bukovoda.hu\/?page_id=435\" \/>\n<meta property=\"og:locale\" content=\"hu_HU\" \/>\n<meta property=\"og:type\" content=\"article\" \/>\n<meta property=\"og:title\" content=\"Megrendel\u00e9s\/lemond\u00e1s - Csodaorsz\u00e1g \u00d3voda, B\u00f6lcs\u0151de \u00e9s K\u00f6z\u00e9tkeztet\u00e9st Ell\u00e1t\u00f3 Int\u00e9zm\u00e9ny\" \/>\n<meta property=\"og:description\" content=\"\u00c9tkez\u00e9s megrendel\u00e9se, ig\u00e9nybejelent\u00e9s, adatm\u00f3dos\u00edt\u00e1sa A sz\u00fcl\u0151k\/t\u00f6rv\u00e9nyes gondvisel\u0151k nyilatkozata alapj\u00e1n t\u00f6rt\u00e9nik az \u00e9tkez\u00e9s megrendel\u00e9se. Az ig\u00e9nybejelent\u0151 nyomtatv\u00e1nyok b\u00f6lcs\u0151d\u00e9s \u00e9s \u00f3vod\u00e1s kor\u00fa gyermekek eset\u00e9n els\u0151 alkalommal a beiratkoz\u00e1skor \u00e1tad\u00e1sra ker\u00fclnek a sz\u00fcl\u0151k\/ t\u00f6rv\u00e9nyes gondvisel\u0151k sz\u00e1m\u00e1ra, majd ezut\u00e1n v\u00e1ltoz\u00e1s eset\u00e9n m\u00f3dos\u00edt\u00e1sra ker\u00fclnek. Az [&hellip;]\" \/>\n<meta property=\"og:url\" content=\"https:\/\/bukovoda.hu\/?page_id=435\" \/>\n<meta property=\"og:site_name\" content=\"Csodaorsz\u00e1g \u00d3voda, B\u00f6lcs\u0151de \u00e9s K\u00f6z\u00e9tkeztet\u00e9st Ell\u00e1t\u00f3 Int\u00e9zm\u00e9ny\" \/>\n<meta property=\"article:modified_time\" content=\"2024-05-08T13:55:59+00:00\" \/>\n<meta property=\"og:image\" content=\"https:\/\/bukovoda.hu\/wp-content\/uploads\/2024\/02\/Artboard-1-copy-3-100-scaled.jpg\" \/>\n\t<meta property=\"og:image:width\" content=\"2560\" \/>\n\t<meta property=\"og:image:height\" content=\"898\" \/>\n\t<meta property=\"og:image:type\" content=\"image\/jpeg\" \/>\n<meta name=\"twitter:card\" content=\"summary_large_image\" \/>\n<meta name=\"twitter:label1\" content=\"Becs\u00fclt olvas\u00e1si id\u0151\" \/>\n\t<meta name=\"twitter:data1\" content=\"2 perc\" \/>\n<script type=\"application\/ld+json\" class=\"yoast-schema-graph\">{\"@context\":\"https:\/\/schema.org\",\"@graph\":[{\"@type\":\"WebPage\",\"@id\":\"https:\/\/bukovoda.hu\/?page_id=435\",\"url\":\"https:\/\/bukovoda.hu\/?page_id=435\",\"name\":\"Megrendel\u00e9s\/lemond\u00e1s - Csodaorsz\u00e1g \u00d3voda, B\u00f6lcs\u0151de \u00e9s K\u00f6z\u00e9tkeztet\u00e9st Ell\u00e1t\u00f3 Int\u00e9zm\u00e9ny\",\"isPartOf\":{\"@id\":\"https:\/\/bukovoda.hu\/#website\"},\"datePublished\":\"2024-05-07T11:47:34+00:00\",\"dateModified\":\"2024-05-08T13:55:59+00:00\",\"breadcrumb\":{\"@id\":\"https:\/\/bukovoda.hu\/?page_id=435#breadcrumb\"},\"inLanguage\":\"hu\",\"potentialAction\":[{\"@type\":\"ReadAction\",\"target\":[\"https:\/\/bukovoda.hu\/?page_id=435\"]}]},{\"@type\":\"BreadcrumbList\",\"@id\":\"https:\/\/bukovoda.hu\/?page_id=435#breadcrumb\",\"itemListElement\":[{\"@type\":\"ListItem\",\"position\":1,\"name\":\"Kezd\u0151lap\",\"item\":\"https:\/\/bukovoda.hu\/\"},{\"@type\":\"ListItem\",\"position\":2,\"name\":\"\u00c9tkez\u00e9s\",\"item\":\"https:\/\/bukovoda.hu\/?page_id=2\"},{\"@type\":\"ListItem\",\"position\":3,\"name\":\"Megrendel\u00e9s\/lemond\u00e1s\"}]},{\"@type\":\"WebSite\",\"@id\":\"https:\/\/bukovoda.hu\/#website\",\"url\":\"https:\/\/bukovoda.hu\/\",\"name\":\"Csodaorsz\u00e1g \u00d3voda, B\u00f6lcs\u0151de \u00e9s K\u00f6z\u00e9tkeztet\u00e9st Ell\u00e1t\u00f3 Int\u00e9zm\u00e9ny\",\"description\":\"\",\"publisher\":{\"@id\":\"https:\/\/bukovoda.hu\/#organization\"},\"potentialAction\":[{\"@type\":\"SearchAction\",\"target\":{\"@type\":\"EntryPoint\",\"urlTemplate\":\"https:\/\/bukovoda.hu\/?s={search_term_string}\"},\"query-input\":\"required name=search_term_string\"}],\"inLanguage\":\"hu\"},{\"@type\":\"Organization\",\"@id\":\"https:\/\/bukovoda.hu\/#organization\",\"name\":\"Csodaorsz\u00e1g \u00d3voda, B\u00f6lcs\u0151de \u00e9s K\u00f6z\u00e9tkeztet\u00e9st Ell\u00e1t\u00f3 Int\u00e9zm\u00e9ny\",\"url\":\"https:\/\/bukovoda.hu\/\",\"logo\":{\"@type\":\"ImageObject\",\"inLanguage\":\"hu\",\"@id\":\"https:\/\/bukovoda.hu\/#\/schema\/logo\/image\/\",\"url\":\"https:\/\/bukovoda.hu\/wp-content\/uploads\/2024\/02\/cropped-cropped-Csodaorszag_ovoda-Logo-4-Color.jpg\",\"contentUrl\":\"https:\/\/bukovoda.hu\/wp-content\/uploads\/2024\/02\/cropped-cropped-Csodaorszag_ovoda-Logo-4-Color.jpg\",\"width\":508,\"height\":239,\"caption\":\"Csodaorsz\u00e1g \u00d3voda, B\u00f6lcs\u0151de \u00e9s K\u00f6z\u00e9tkeztet\u00e9st Ell\u00e1t\u00f3 Int\u00e9zm\u00e9ny\"},\"image\":{\"@id\":\"https:\/\/bukovoda.hu\/#\/schema\/logo\/image\/\"}}]}<\/script>\n<!-- \/ Yoast SEO plugin. -->","yoast_head_json":{"title":"Megrendel\u00e9s\/lemond\u00e1s - Csodaorsz\u00e1g \u00d3voda, B\u00f6lcs\u0151de \u00e9s K\u00f6z\u00e9tkeztet\u00e9st Ell\u00e1t\u00f3 Int\u00e9zm\u00e9ny","robots":{"index":"index","follow":"follow","max-snippet":"max-snippet:-1","max-image-preview":"max-image-preview:large","max-video-preview":"max-video-preview:-1"},"canonical":"https:\/\/bukovoda.hu\/?page_id=435","og_locale":"hu_HU","og_type":"article","og_title":"Megrendel\u00e9s\/lemond\u00e1s - Csodaorsz\u00e1g \u00d3voda, B\u00f6lcs\u0151de \u00e9s K\u00f6z\u00e9tkeztet\u00e9st Ell\u00e1t\u00f3 Int\u00e9zm\u00e9ny","og_description":"\u00c9tkez\u00e9s megrendel\u00e9se, ig\u00e9nybejelent\u00e9s, adatm\u00f3dos\u00edt\u00e1sa A sz\u00fcl\u0151k\/t\u00f6rv\u00e9nyes gondvisel\u0151k nyilatkozata alapj\u00e1n t\u00f6rt\u00e9nik az \u00e9tkez\u00e9s megrendel\u00e9se. Az ig\u00e9nybejelent\u0151 nyomtatv\u00e1nyok b\u00f6lcs\u0151d\u00e9s \u00e9s \u00f3vod\u00e1s kor\u00fa gyermekek eset\u00e9n els\u0151 alkalommal a beiratkoz\u00e1skor \u00e1tad\u00e1sra ker\u00fclnek a sz\u00fcl\u0151k\/ t\u00f6rv\u00e9nyes gondvisel\u0151k sz\u00e1m\u00e1ra, majd ezut\u00e1n v\u00e1ltoz\u00e1s eset\u00e9n m\u00f3dos\u00edt\u00e1sra ker\u00fclnek. Az [&hellip;]","og_url":"https:\/\/bukovoda.hu\/?page_id=435","og_site_name":"Csodaorsz\u00e1g \u00d3voda, B\u00f6lcs\u0151de \u00e9s K\u00f6z\u00e9tkeztet\u00e9st Ell\u00e1t\u00f3 Int\u00e9zm\u00e9ny","article_modified_time":"2024-05-08T13:55:59+00:00","og_image":[{"width":2560,"height":898,"url":"https:\/\/bukovoda.hu\/wp-content\/uploads\/2024\/02\/Artboard-1-copy-3-100-scaled.jpg","type":"image\/jpeg"}],"twitter_card":"summary_large_image","twitter_misc":{"Becs\u00fclt olvas\u00e1si id\u0151":"2 perc"},"schema":{"@context":"https:\/\/schema.org","@graph":[{"@type":"WebPage","@id":"https:\/\/bukovoda.hu\/?page_id=435","url":"https:\/\/bukovoda.hu\/?page_id=435","name":"Megrendel\u00e9s\/lemond\u00e1s - Csodaorsz\u00e1g \u00d3voda, B\u00f6lcs\u0151de \u00e9s K\u00f6z\u00e9tkeztet\u00e9st Ell\u00e1t\u00f3 Int\u00e9zm\u00e9ny","isPartOf":{"@id":"https:\/\/bukovoda.hu\/#website"},"datePublished":"2024-05-07T11:47:34+00:00","dateModified":"2024-05-08T13:55:59+00:00","breadcrumb":{"@id":"https:\/\/bukovoda.hu\/?page_id=435#breadcrumb"},"inLanguage":"hu","potentialAction":[{"@type":"ReadAction","target":["https:\/\/bukovoda.hu\/?page_id=435"]}]},{"@type":"BreadcrumbList","@id":"https:\/\/bukovoda.hu\/?page_id=435#breadcrumb","itemListElement":[{"@type":"ListItem","position":1,"name":"Kezd\u0151lap","item":"https:\/\/bukovoda.hu\/"},{"@type":"ListItem","position":2,"name":"\u00c9tkez\u00e9s","item":"https:\/\/bukovoda.hu\/?page_id=2"},{"@type":"ListItem","position":3,"name":"Megrendel\u00e9s\/lemond\u00e1s"}]},{"@type":"WebSite","@id":"https:\/\/bukovoda.hu\/#website","url":"https:\/\/bukovoda.hu\/","name":"Csodaorsz\u00e1g \u00d3voda, B\u00f6lcs\u0151de \u00e9s K\u00f6z\u00e9tkeztet\u00e9st Ell\u00e1t\u00f3 Int\u00e9zm\u00e9ny","description":"","publisher":{"@id":"https:\/\/bukovoda.hu\/#organization"},"potentialAction":[{"@type":"SearchAction","target":{"@type":"EntryPoint","urlTemplate":"https:\/\/bukovoda.hu\/?s={search_term_string}"},"query-input":"required name=search_term_string"}],"inLanguage":"hu"},{"@type":"Organization","@id":"https:\/\/bukovoda.hu\/#organization","name":"Csodaorsz\u00e1g \u00d3voda, B\u00f6lcs\u0151de \u00e9s K\u00f6z\u00e9tkeztet\u00e9st Ell\u00e1t\u00f3 Int\u00e9zm\u00e9ny","url":"https:\/\/bukovoda.hu\/","logo":{"@type":"ImageObject","inLanguage":"hu","@id":"https:\/\/bukovoda.hu\/#\/schema\/logo\/image\/","url":"https:\/\/bukovoda.hu\/wp-content\/uploads\/2024\/02\/cropped-cropped-Csodaorszag_ovoda-Logo-4-Color.jpg","contentUrl":"https:\/\/bukovoda.hu\/wp-content\/uploads\/2024\/02\/cropped-cropped-Csodaorszag_ovoda-Logo-4-Color.jpg","width":508,"height":239,"caption":"Csodaorsz\u00e1g \u00d3voda, B\u00f6lcs\u0151de \u00e9s K\u00f6z\u00e9tkeztet\u00e9st Ell\u00e1t\u00f3 Int\u00e9zm\u00e9ny"},"image":{"@id":"https:\/\/bukovoda.hu\/#\/schema\/logo\/image\/"}}]}},"blog_post_layout_featured_media_urls":{"thumbnail":["https:\/\/bukovoda.hu\/wp-content\/uploads\/2024\/02\/Artboard-1-copy-3-100-150x150.jpg",150,150,true],"full":["https:\/\/bukovoda.hu\/wp-content\/uploads\/2024\/02\/Artboard-1-copy-3-100-scaled.jpg",2560,898,false]},"categories_names":null,"comments_number":"0","_links":{"self":[{"href":"https:\/\/bukovoda.hu\/index.php?rest_route=\/wp\/v2\/pages\/435"}],"collection":[{"href":"https:\/\/bukovoda.hu\/index.php?rest_route=\/wp\/v2\/pages"}],"about":[{"href":"https:\/\/bukovoda.hu\/index.php?rest_route=\/wp\/v2\/types\/page"}],"author":[{"embeddable":true,"href":"https:\/\/bukovoda.hu\/index.php?rest_route=\/wp\/v2\/users\/1"}],"replies":[{"embeddable":true,"href":"https:\/\/bukovoda.hu\/index.php?rest_route=%2Fwp%2Fv2%2Fcomments&post=435"}],"version-history":[{"count":4,"href":"https:\/\/bukovoda.hu\/index.php?rest_route=\/wp\/v2\/pages\/435\/revisions"}],"predecessor-version":[{"id":441,"href":"https:\/\/bukovoda.hu\/index.php?rest_route=\/wp\/v2\/pages\/435\/revisions\/441"}],"up":[{"embeddable":true,"href":"https:\/\/bukovoda.hu\/index.php?rest_route=\/wp\/v2\/pages\/2"}],"wp:featuredmedia":[{"embeddable":true,"href":"https:\/\/bukovoda.hu\/index.php?rest_route=\/wp\/v2\/media\/247"}],"wp:attachment":[{"href":"https:\/\/bukovoda.hu\/index.php?rest_route=%2Fwp%2Fv2%2Fmedia&parent=435"}],"curies":[{"name":"wp","href":"https:\/\/api.w.org\/{rel}","templated":true}]}}